{"id":8986,"date":"2023-11-09T23:44:23","date_gmt":"2023-11-09T22:44:23","guid":{"rendered":"https:\/\/www.fanprojekt-muenster.de\/wordpress\/?page_id=8986"},"modified":"2023-11-10T13:07:44","modified_gmt":"2023-11-10T12:07:44","slug":"sonderzug-2023-nach-saarbrucken","status":"publish","type":"page","link":"https:\/\/www.fanprojekt-muenster.de\/wordpress\/auswaertsspiele\/auswaertsfahrten\/sonderzug-2023-nach-saarbrucken\/","title":{"rendered":"Sonderzug 2023 nach Saarbr\u00fccken"},"content":{"rendered":"\n<h3 class=\"wp-block-heading\"><u>verbindliche Anmeldung:<\/u><\/h3>\n\n\n<div class=\"wpforms-container wpforms-container-full wpforms-block wpforms-block-91677a8c-e656-4298-8606-97162f5a8282 wpforms-render-modern\" id=\"wpforms-9012\"><form id=\"wpforms-form-9012\" class=\"wpforms-validate wpforms-form\" data-formid=\"9012\" method=\"post\" enctype=\"multipart\/form-data\" action=\"\/wordpress\/wp-json\/wp\/v2\/pages\/8986\" data-token=\"90a4bd5febc602eaadf0386c0818196d\" data-token-time=\"1777422915\"><noscript class=\"wpforms-error-noscript\">Bitte aktiviere JavaScript in deinem Browser, um dieses Formular fertigzustellen.<\/noscript><div id=\"wpforms-error-noscript\" style=\"display: none;\">Bitte aktiviere JavaScript in deinem Browser, um dieses Formular fertigzustellen.<\/div><div class=\"wpforms-field-container\"><div id=\"wpforms-9012-field_1-container\" class=\"wpforms-field wpforms-field-name\" data-field-id=\"1\"><fieldset><legend class=\"wpforms-field-label\">Name: <span class=\"wpforms-required-label\" aria-hidden=\"true\">*<\/span><\/legend><div class=\"wpforms-field-row wpforms-field-medium\"><div class=\"wpforms-field-row-block wpforms-first wpforms-one-half\"><input type=\"text\" id=\"wpforms-9012-field_1\" class=\"wpforms-field-name-first wpforms-field-required\" name=\"wpforms[fields][1][first]\" aria-errormessage=\"wpforms-9012-field_1-error\" required><label for=\"wpforms-9012-field_1\" class=\"wpforms-field-sublabel after\">Vorname<\/label><\/div><div class=\"wpforms-field-row-block wpforms-one-half\"><input type=\"text\" id=\"wpforms-9012-field_1-last\" class=\"wpforms-field-name-last wpforms-field-required\" name=\"wpforms[fields][1][last]\" aria-errormessage=\"wpforms-9012-field_1-last-error\" required><label for=\"wpforms-9012-field_1-last\" class=\"wpforms-field-sublabel after\">Nachname<\/label><\/div><\/div><\/fieldset><\/div><div id=\"wpforms-9012-field_2-container\" class=\"wpforms-field wpforms-field-email\" data-field-id=\"2\"><fieldset><legend class=\"wpforms-field-label\">E-Mail: <span class=\"wpforms-required-label\" aria-hidden=\"true\">*<\/span><\/legend><div class=\"wpforms-field-row wpforms-field-medium\"><div class=\"wpforms-field-row-block wpforms-one-half wpforms-first\"><input type=\"email\" id=\"wpforms-9012-field_2\" class=\"wpforms-field-required wpforms-field-email-primary\" name=\"wpforms[fields][2][primary]\" spellcheck=\"false\" aria-errormessage=\"wpforms-9012-field_2-error\" required><label for=\"wpforms-9012-field_2\" class=\"wpforms-field-sublabel after\">E-Mail-Adresse<\/label><\/div><div class=\"wpforms-field-row-block wpforms-one-half\"><input type=\"email\" id=\"wpforms-9012-field_2-secondary\" class=\"wpforms-field-email-secondary wpforms-field-required\" data-rule-confirm=\"#wpforms-9012-field_2\" name=\"wpforms[fields][2][secondary]\" spellcheck=\"false\" aria-errormessage=\"wpforms-9012-field_2-secondary-error\" required><label for=\"wpforms-9012-field_2-secondary\" class=\"wpforms-field-sublabel after\">E-Mail best\u00e4tigen<\/label><\/div><\/div><\/fieldset><\/div><div id=\"wpforms-9012-field_3-container\" class=\"wpforms-field wpforms-field-number\" data-field-id=\"3\"><label class=\"wpforms-field-label\" for=\"wpforms-9012-field_3\">Anzahl Sitzpl\u00e4tze (jeweils 75\u20ac): <span class=\"wpforms-required-label\" aria-hidden=\"true\">*<\/span><\/label><input type=\"number\" id=\"wpforms-9012-field_3\" class=\"wpforms-field-medium wpforms-field-required\" name=\"wpforms[fields][3]\" step=\"any\" aria-errormessage=\"wpforms-9012-field_3-error\" required><\/div><div id=\"wpforms-9012-field_8-container\" class=\"wpforms-field wpforms-field-radio\" data-field-id=\"8\"><fieldset><legend class=\"wpforms-field-label\">Auswahl des Wagons f\u00fcr die Sitzpl\u00e4tze: <span class=\"wpforms-required-label\" aria-hidden=\"true\">*<\/span><\/legend><ul id=\"wpforms-9012-field_8\" class=\"wpforms-field-required\"><li class=\"choice-1 depth-1\"><input type=\"radio\" id=\"wpforms-9012-field_8_1\" name=\"wpforms[fields][8]\" value=\"A-Block\" aria-errormessage=\"wpforms-9012-field_8_1-error\" required ><label class=\"wpforms-field-label-inline\" for=\"wpforms-9012-field_8_1\">A-Block<\/label><\/li><li class=\"choice-2 depth-1\"><input type=\"radio\" id=\"wpforms-9012-field_8_2\" name=\"wpforms[fields][8]\" value=\"FGK\" aria-errormessage=\"wpforms-9012-field_8_2-error\" required ><label class=\"wpforms-field-label-inline\" for=\"wpforms-9012-field_8_2\">FGK<\/label><\/li><li class=\"choice-3 depth-1\"><input type=\"radio\" id=\"wpforms-9012-field_8_3\" name=\"wpforms[fields][8]\" value=\"Gegengerade\" aria-errormessage=\"wpforms-9012-field_8_3-error\" required ><label class=\"wpforms-field-label-inline\" for=\"wpforms-9012-field_8_3\">Gegengerade<\/label><\/li><li class=\"choice-4 depth-1\"><input type=\"radio\" id=\"wpforms-9012-field_8_4\" name=\"wpforms[fields][8]\" value=\"Fans\" aria-errormessage=\"wpforms-9012-field_8_4-error\" required ><label class=\"wpforms-field-label-inline\" for=\"wpforms-9012-field_8_4\">Fans<\/label><\/li><li class=\"choice-5 depth-1\"><input type=\"radio\" id=\"wpforms-9012-field_8_5\" name=\"wpforms[fields][8]\" value=\"Egal wo, Hauptsache dabei\" aria-errormessage=\"wpforms-9012-field_8_5-error\" required ><label class=\"wpforms-field-label-inline\" for=\"wpforms-9012-field_8_5\">Egal wo, Hauptsache dabei<\/label><\/li><\/ul><\/fieldset><\/div><div id=\"wpforms-9012-field_6-container\" class=\"wpforms-field wpforms-field-checkbox\" data-field-id=\"6\"><fieldset><legend class=\"wpforms-field-label\">Best\u00e4tigung <span class=\"wpforms-required-label\" aria-hidden=\"true\">*<\/span><\/legend><ul id=\"wpforms-9012-field_6\" class=\"wpforms-field-required\"><li class=\"choice-1 depth-1\"><input type=\"checkbox\" id=\"wpforms-9012-field_6_1\" name=\"wpforms[fields][6][]\" value=\"der Richtigkeit meiner Angaben und meiner verbindlichen Anmeldung f\u00fcr den Sonderzug 2023 nach Saarbr\u00fccken\" aria-errormessage=\"wpforms-9012-field_6_1-error\" required ><label class=\"wpforms-field-label-inline\" for=\"wpforms-9012-field_6_1\">der Richtigkeit meiner Angaben und meiner verbindlichen Anmeldung f\u00fcr den Sonderzug 2023 nach Saarbr\u00fccken<\/label><\/li><\/ul><\/fieldset><\/div><\/div><!-- .wpforms-field-container --><div class=\"wpforms-field wpforms-field-hp\"><label for=\"wpforms-9012-field-hp\" class=\"wpforms-field-label\">Name<\/label><input type=\"text\" name=\"wpforms[hp]\" id=\"wpforms-9012-field-hp\" class=\"wpforms-field-medium\"><\/div><div class=\"wpforms-recaptcha-container wpforms-is-recaptcha wpforms-is-recaptcha-type-v2\" ><div class=\"g-recaptcha\" data-sitekey=\"6Le4ttwUAAAAACBZv2R27a9hkf4KCoglSDtdjA8b\"><\/div><input type=\"text\" name=\"g-recaptcha-hidden\" class=\"wpforms-recaptcha-hidden\" style=\"position:absolute!important;clip:rect(0,0,0,0)!important;height:1px!important;width:1px!important;border:0!important;overflow:hidden!important;padding:0!important;margin:0!important;\" data-rule-recaptcha=\"1\"><\/div><div class=\"wpforms-submit-container\" ><input type=\"hidden\" name=\"wpforms[id]\" value=\"9012\"><input type=\"hidden\" name=\"page_title\" value=\"\"><input type=\"hidden\" name=\"page_url\" value=\"https:\/\/www.fanprojekt-muenster.de\/wordpress\/wp-json\/wp\/v2\/pages\/8986\"><input type=\"hidden\" name=\"url_referer\" value=\"\"><button type=\"submit\" name=\"wpforms[submit]\" id=\"wpforms-submit-9012\" class=\"wpforms-submit\" data-alt-text=\"Wird angemeldet ...\" data-submit-text=\"Anmelden\" aria-live=\"assertive\" value=\"wpforms-submit\">Anmelden<\/button><\/div><\/form><\/div>  <!-- .wpforms-container -->\n\n\n<p>&nbsp;<\/p>\n\n\n\n<p><strong>Bitte beachten:<\/strong><br>&#8211; F\u00fcr die Bezahlung stehen dir drei M\u00f6glichkeiten zur Verf\u00fcgung, \u00fcber die auf der Best\u00e4tigungsseite (nach &#8222;Anmelden&#8220;) detailliert informiert wird. (! Fenster bitte nicht vorschnell schlie\u00dfen: eine automatische Best\u00e4tigungsmail ist leider technisch nicht m\u00f6glich, aber das Orga-Team wird sich auf jeden Fall per Mail bei dir melden !)<br>&#8211; Die Ausgabe der Zugtickets erfolgt ausschlie\u00dflich beim Heimspiel gegen Viktoria K\u00f6ln am 26.11.2023.<br>&#8211; F\u00fcr Sch\u00e4den an meinen Sitzpl\u00e4tzen bzw. Abteil werde ich in Haftung genommen!<br>&#8211; Falls der Sonderzug aus irgendwelchen Gr\u00fcnden ausf\u00e4llt, erhalte ich bei R\u00fcckgabe des Zugtickets den vollen Betrag zur\u00fcckerstattet.<br>&#8211; <strong>Bez\u00fcglich Abfahrtszeiten, eventuellen \u00c4nderungen und allen weiteren Informationen werde ich mich auf www.fanprojekt-muenster.de und \/oder den Social-Media-Kan\u00e4len des Fanprojektes auf dem Laufenden halten.<\/strong><\/p>\n\n\n\n<p>&nbsp;<\/p>\n\n\n\n<p>Das Orga-Team steht f\u00fcr Fragen, W\u00fcnsche unter <a href=\"mailto:sonderzug@fanprojekt-muenster.de\">sonderzug@fanprojekt-muenster.de<\/a> zur Verf\u00fcgung (bitte bedenken, das Antwortmails von dieser Adresse durchaus auch mal bei euch im Spam landen k\u00f6nnen).<\/p>\n\n\n\n<p>&nbsp;<\/p>\n\n\n\n<p class=\"has-text-align-center\"><img loading=\"lazy\" decoding=\"async\" width=\"454\" height=\"321\" class=\"wp-image-8964\" style=\"width: 454px;\" src=\"https:\/\/www.fanprojekt-muenster.de\/wordpress\/wp-content\/uploads\/2023\/11\/sdz_saarbruecken.png\" alt=\"\" srcset=\"https:\/\/www.fanprojekt-muenster.de\/wordpress\/wp-content\/uploads\/2023\/11\/sdz_saarbruecken.png 454w, https:\/\/www.fanprojekt-muenster.de\/wordpress\/wp-content\/uploads\/2023\/11\/sdz_saarbruecken-300x212.png 300w\" sizes=\"auto, (max-width: 454px) 100vw, 454px\" \/><\/p>\n\n\n\n<p>&nbsp;<\/p>\n\n\n\n<p>Deine personenbezogenen Daten werden ausschlie\u00dflich f\u00fcr die Buchung und Durchf\u00fchrung des Sonderzuges 2023 nach Saarbr\u00fccken verwendet. Die Daten werden unwiderruflich gel\u00f6scht, sobald eine der folgenden Bedingungen erf\u00fcllt ist:<br>a) nach der Endabrechnung mit dem Zugvermieter und ohne Feststellung von Sch\u00e4den bzw. nach Abwicklung dieser oder<br>b) nach R\u00fcckzahlung des Fahrpreises im Falle einer Absage desZuges.<\/p>\n<style class=\"advgb-styles-renderer\">\n\t\t\t\t#wpforms-9012.wpforms-block-91677a8c-e656-4298-8606-97162f5a8282 {\n\t\t\t\t--wpforms-field-border-color: #77AD0A;\n--wpforms-field-border-color-spare: #77AD0A;\n--wpforms-button-background-color: #77AD0A;\n\t\t\t}\n\t\t\t<\/style>","protected":false},"excerpt":{"rendered":"<p>verbindliche Anmeldung: &nbsp; Bitte beachten:&#8211; F\u00fcr die Bezahlung stehen dir drei M\u00f6glichkeiten zur Verf\u00fcgung, \u00fcber die auf der Best\u00e4tigungsseite (nach &#8222;Anmelden&#8220;) detailliert informiert wird. (! Fenster bitte nicht vorschnell schlie\u00dfen:&#8230; <a class=\"read-more-link\" href=\"https:\/\/www.fanprojekt-muenster.de\/wordpress\/auswaertsspiele\/auswaertsfahrten\/sonderzug-2023-nach-saarbrucken\/\">Read more &raquo;<\/a><\/p>\n","protected":false},"author":7,"featured_media":0,"parent":338,"menu_order":0,"comment_status":"closed","ping_status":"closed","template":"","meta":{"advgb_blocks_editor_width":"","advgb_blocks_columns_visual_guide":"","footnotes":""},"class_list":["post-8986","page","type-page","status-publish","hentry"],"featured_image_src":null,"yoast_head":"<!-- This site is optimized with the Yoast SEO plugin v27.2 - https:\/\/yoast.com\/product\/yoast-seo-wordpress\/ -->\n<title>Sonderzug 2023 nach Saarbr\u00fccken - Fangemeinschaft Preu\u00dfen M\u00fcnster e. V.<\/title>\n<meta name=\"robots\" content=\"index, follow, max-snippet:-1, max-image-preview:large, max-video-preview:-1\" \/>\n<link rel=\"canonical\" href=\"https:\/\/www.fanprojekt-muenster.de\/wordpress\/auswaertsspiele\/auswaertsfahrten\/sonderzug-2023-nach-saarbrucken\/\" \/>\n<meta property=\"og:locale\" content=\"de_DE\" \/>\n<meta property=\"og:type\" content=\"article\" \/>\n<meta property=\"og:title\" content=\"Sonderzug 2023 nach Saarbr\u00fccken - Fangemeinschaft Preu\u00dfen M\u00fcnster e. V.\" \/>\n<meta property=\"og:description\" content=\"verbindliche Anmeldung: &nbsp; Bitte beachten:&#8211; F\u00fcr die Bezahlung stehen dir drei M\u00f6glichkeiten zur Verf\u00fcgung, \u00fcber die auf der Best\u00e4tigungsseite (nach &#8222;Anmelden&#8220;) detailliert informiert wird. (! Fenster bitte nicht vorschnell schlie\u00dfen:... Read more &raquo;\" \/>\n<meta property=\"og:url\" content=\"https:\/\/www.fanprojekt-muenster.de\/wordpress\/auswaertsspiele\/auswaertsfahrten\/sonderzug-2023-nach-saarbrucken\/\" \/>\n<meta property=\"og:site_name\" content=\"Fangemeinschaft Preu\u00dfen M\u00fcnster e. V.\" \/>\n<meta property=\"article:modified_time\" content=\"2023-11-10T12:07:44+00:00\" \/>\n<meta property=\"og:image\" content=\"https:\/\/www.fanprojekt-muenster.de\/wordpress\/wp-content\/uploads\/2023\/11\/sdz_saarbruecken.png\" \/>\n<meta name=\"twitter:card\" content=\"summary_large_image\" \/>\n<meta name=\"twitter:label1\" content=\"Gesch\u00e4tzte Lesezeit\" \/>\n\t<meta name=\"twitter:data1\" content=\"2\u00a0Minuten\" \/>\n<script type=\"application\/ld+json\" class=\"yoast-schema-graph\">{\"@context\":\"https:\/\/schema.org\",\"@graph\":[{\"@type\":\"WebPage\",\"@id\":\"https:\/\/www.fanprojekt-muenster.de\/wordpress\/auswaertsspiele\/auswaertsfahrten\/sonderzug-2023-nach-saarbrucken\/\",\"url\":\"https:\/\/www.fanprojekt-muenster.de\/wordpress\/auswaertsspiele\/auswaertsfahrten\/sonderzug-2023-nach-saarbrucken\/\",\"name\":\"Sonderzug 2023 nach Saarbr\u00fccken - Fangemeinschaft Preu\u00dfen M\u00fcnster e. V.\",\"isPartOf\":{\"@id\":\"https:\/\/www.fanprojekt-muenster.de\/wordpress\/#website\"},\"primaryImageOfPage\":{\"@id\":\"https:\/\/www.fanprojekt-muenster.de\/wordpress\/auswaertsspiele\/auswaertsfahrten\/sonderzug-2023-nach-saarbrucken\/#primaryimage\"},\"image\":{\"@id\":\"https:\/\/www.fanprojekt-muenster.de\/wordpress\/auswaertsspiele\/auswaertsfahrten\/sonderzug-2023-nach-saarbrucken\/#primaryimage\"},\"thumbnailUrl\":\"https:\/\/www.fanprojekt-muenster.de\/wordpress\/wp-content\/uploads\/2023\/11\/sdz_saarbruecken.png\",\"datePublished\":\"2023-11-09T22:44:23+00:00\",\"dateModified\":\"2023-11-10T12:07:44+00:00\",\"breadcrumb\":{\"@id\":\"https:\/\/www.fanprojekt-muenster.de\/wordpress\/auswaertsspiele\/auswaertsfahrten\/sonderzug-2023-nach-saarbrucken\/#breadcrumb\"},\"inLanguage\":\"de\",\"potentialAction\":[{\"@type\":\"ReadAction\",\"target\":[\"https:\/\/www.fanprojekt-muenster.de\/wordpress\/auswaertsspiele\/auswaertsfahrten\/sonderzug-2023-nach-saarbrucken\/\"]}]},{\"@type\":\"ImageObject\",\"inLanguage\":\"de\",\"@id\":\"https:\/\/www.fanprojekt-muenster.de\/wordpress\/auswaertsspiele\/auswaertsfahrten\/sonderzug-2023-nach-saarbrucken\/#primaryimage\",\"url\":\"https:\/\/www.fanprojekt-muenster.de\/wordpress\/wp-content\/uploads\/2023\/11\/sdz_saarbruecken.png\",\"contentUrl\":\"https:\/\/www.fanprojekt-muenster.de\/wordpress\/wp-content\/uploads\/2023\/11\/sdz_saarbruecken.png\",\"width\":454,\"height\":321},{\"@type\":\"BreadcrumbList\",\"@id\":\"https:\/\/www.fanprojekt-muenster.de\/wordpress\/auswaertsspiele\/auswaertsfahrten\/sonderzug-2023-nach-saarbrucken\/#breadcrumb\",\"itemListElement\":[{\"@type\":\"ListItem\",\"position\":1,\"name\":\"Startseite\",\"item\":\"https:\/\/www.fanprojekt-muenster.de\/wordpress\/\"},{\"@type\":\"ListItem\",\"position\":2,\"name\":\"Ausw\u00e4rtsspiele\",\"item\":\"https:\/\/www.fanprojekt-muenster.de\/wordpress\/auswaertsspiele\/\"},{\"@type\":\"ListItem\",\"position\":3,\"name\":\"Ausw\u00e4rtsfahrten\",\"item\":\"https:\/\/www.fanprojekt-muenster.de\/wordpress\/auswaertsspiele\/auswaertsfahrten\/\"},{\"@type\":\"ListItem\",\"position\":4,\"name\":\"Sonderzug 2023 nach Saarbr\u00fccken\"}]},{\"@type\":\"WebSite\",\"@id\":\"https:\/\/www.fanprojekt-muenster.de\/wordpress\/#website\",\"url\":\"https:\/\/www.fanprojekt-muenster.de\/wordpress\/\",\"name\":\"Fangemeinschaft Preu\u00dfen M\u00fcnster e. V.\",\"description\":\"\",\"publisher\":{\"@id\":\"https:\/\/www.fanprojekt-muenster.de\/wordpress\/#organization\"},\"potentialAction\":[{\"@type\":\"SearchAction\",\"target\":{\"@type\":\"EntryPoint\",\"urlTemplate\":\"https:\/\/www.fanprojekt-muenster.de\/wordpress\/?s={search_term_string}\"},\"query-input\":{\"@type\":\"PropertyValueSpecification\",\"valueRequired\":true,\"valueName\":\"search_term_string\"}}],\"inLanguage\":\"de\"},{\"@type\":\"Organization\",\"@id\":\"https:\/\/www.fanprojekt-muenster.de\/wordpress\/#organization\",\"name\":\"Fangemeinschaft Preu\u00dfen M\u00fcnster e. V.\",\"url\":\"https:\/\/www.fanprojekt-muenster.de\/wordpress\/\",\"logo\":{\"@type\":\"ImageObject\",\"inLanguage\":\"de\",\"@id\":\"https:\/\/www.fanprojekt-muenster.de\/wordpress\/#\/schema\/logo\/image\/\",\"url\":\"https:\/\/www.fanprojekt-muenster.de\/wordpress\/wp-content\/uploads\/2019\/07\/cropped-Website_Logo3-9.png\",\"contentUrl\":\"https:\/\/www.fanprojekt-muenster.de\/wordpress\/wp-content\/uploads\/2019\/07\/cropped-Website_Logo3-9.png\",\"width\":224,\"height\":42,\"caption\":\"Fangemeinschaft Preu\u00dfen M\u00fcnster e. V.\"},\"image\":{\"@id\":\"https:\/\/www.fanprojekt-muenster.de\/wordpress\/#\/schema\/logo\/image\/\"}}]}<\/script>\n<!-- \/ Yoast SEO plugin. -->","yoast_head_json":{"title":"Sonderzug 2023 nach Saarbr\u00fccken - Fangemeinschaft Preu\u00dfen M\u00fcnster e. V.","robots":{"index":"index","follow":"follow","max-snippet":"max-snippet:-1","max-image-preview":"max-image-preview:large","max-video-preview":"max-video-preview:-1"},"canonical":"https:\/\/www.fanprojekt-muenster.de\/wordpress\/auswaertsspiele\/auswaertsfahrten\/sonderzug-2023-nach-saarbrucken\/","og_locale":"de_DE","og_type":"article","og_title":"Sonderzug 2023 nach Saarbr\u00fccken - Fangemeinschaft Preu\u00dfen M\u00fcnster e. V.","og_description":"verbindliche Anmeldung: &nbsp; Bitte beachten:&#8211; F\u00fcr die Bezahlung stehen dir drei M\u00f6glichkeiten zur Verf\u00fcgung, \u00fcber die auf der Best\u00e4tigungsseite (nach &#8222;Anmelden&#8220;) detailliert informiert wird. (! Fenster bitte nicht vorschnell schlie\u00dfen:... Read more &raquo;","og_url":"https:\/\/www.fanprojekt-muenster.de\/wordpress\/auswaertsspiele\/auswaertsfahrten\/sonderzug-2023-nach-saarbrucken\/","og_site_name":"Fangemeinschaft Preu\u00dfen M\u00fcnster e. V.","article_modified_time":"2023-11-10T12:07:44+00:00","og_image":[{"url":"https:\/\/www.fanprojekt-muenster.de\/wordpress\/wp-content\/uploads\/2023\/11\/sdz_saarbruecken.png","type":"","width":"","height":""}],"twitter_card":"summary_large_image","twitter_misc":{"Gesch\u00e4tzte Lesezeit":"2\u00a0Minuten"},"schema":{"@context":"https:\/\/schema.org","@graph":[{"@type":"WebPage","@id":"https:\/\/www.fanprojekt-muenster.de\/wordpress\/auswaertsspiele\/auswaertsfahrten\/sonderzug-2023-nach-saarbrucken\/","url":"https:\/\/www.fanprojekt-muenster.de\/wordpress\/auswaertsspiele\/auswaertsfahrten\/sonderzug-2023-nach-saarbrucken\/","name":"Sonderzug 2023 nach Saarbr\u00fccken - Fangemeinschaft Preu\u00dfen M\u00fcnster e. V.","isPartOf":{"@id":"https:\/\/www.fanprojekt-muenster.de\/wordpress\/#website"},"primaryImageOfPage":{"@id":"https:\/\/www.fanprojekt-muenster.de\/wordpress\/auswaertsspiele\/auswaertsfahrten\/sonderzug-2023-nach-saarbrucken\/#primaryimage"},"image":{"@id":"https:\/\/www.fanprojekt-muenster.de\/wordpress\/auswaertsspiele\/auswaertsfahrten\/sonderzug-2023-nach-saarbrucken\/#primaryimage"},"thumbnailUrl":"https:\/\/www.fanprojekt-muenster.de\/wordpress\/wp-content\/uploads\/2023\/11\/sdz_saarbruecken.png","datePublished":"2023-11-09T22:44:23+00:00","dateModified":"2023-11-10T12:07:44+00:00","breadcrumb":{"@id":"https:\/\/www.fanprojekt-muenster.de\/wordpress\/auswaertsspiele\/auswaertsfahrten\/sonderzug-2023-nach-saarbrucken\/#breadcrumb"},"inLanguage":"de","potentialAction":[{"@type":"ReadAction","target":["https:\/\/www.fanprojekt-muenster.de\/wordpress\/auswaertsspiele\/auswaertsfahrten\/sonderzug-2023-nach-saarbrucken\/"]}]},{"@type":"ImageObject","inLanguage":"de","@id":"https:\/\/www.fanprojekt-muenster.de\/wordpress\/auswaertsspiele\/auswaertsfahrten\/sonderzug-2023-nach-saarbrucken\/#primaryimage","url":"https:\/\/www.fanprojekt-muenster.de\/wordpress\/wp-content\/uploads\/2023\/11\/sdz_saarbruecken.png","contentUrl":"https:\/\/www.fanprojekt-muenster.de\/wordpress\/wp-content\/uploads\/2023\/11\/sdz_saarbruecken.png","width":454,"height":321},{"@type":"BreadcrumbList","@id":"https:\/\/www.fanprojekt-muenster.de\/wordpress\/auswaertsspiele\/auswaertsfahrten\/sonderzug-2023-nach-saarbrucken\/#breadcrumb","itemListElement":[{"@type":"ListItem","position":1,"name":"Startseite","item":"https:\/\/www.fanprojekt-muenster.de\/wordpress\/"},{"@type":"ListItem","position":2,"name":"Ausw\u00e4rtsspiele","item":"https:\/\/www.fanprojekt-muenster.de\/wordpress\/auswaertsspiele\/"},{"@type":"ListItem","position":3,"name":"Ausw\u00e4rtsfahrten","item":"https:\/\/www.fanprojekt-muenster.de\/wordpress\/auswaertsspiele\/auswaertsfahrten\/"},{"@type":"ListItem","position":4,"name":"Sonderzug 2023 nach Saarbr\u00fccken"}]},{"@type":"WebSite","@id":"https:\/\/www.fanprojekt-muenster.de\/wordpress\/#website","url":"https:\/\/www.fanprojekt-muenster.de\/wordpress\/","name":"Fangemeinschaft Preu\u00dfen M\u00fcnster e. V.","description":"","publisher":{"@id":"https:\/\/www.fanprojekt-muenster.de\/wordpress\/#organization"},"potentialAction":[{"@type":"SearchAction","target":{"@type":"EntryPoint","urlTemplate":"https:\/\/www.fanprojekt-muenster.de\/wordpress\/?s={search_term_string}"},"query-input":{"@type":"PropertyValueSpecification","valueRequired":true,"valueName":"search_term_string"}}],"inLanguage":"de"},{"@type":"Organization","@id":"https:\/\/www.fanprojekt-muenster.de\/wordpress\/#organization","name":"Fangemeinschaft Preu\u00dfen M\u00fcnster e. V.","url":"https:\/\/www.fanprojekt-muenster.de\/wordpress\/","logo":{"@type":"ImageObject","inLanguage":"de","@id":"https:\/\/www.fanprojekt-muenster.de\/wordpress\/#\/schema\/logo\/image\/","url":"https:\/\/www.fanprojekt-muenster.de\/wordpress\/wp-content\/uploads\/2019\/07\/cropped-Website_Logo3-9.png","contentUrl":"https:\/\/www.fanprojekt-muenster.de\/wordpress\/wp-content\/uploads\/2019\/07\/cropped-Website_Logo3-9.png","width":224,"height":42,"caption":"Fangemeinschaft Preu\u00dfen M\u00fcnster e. V."},"image":{"@id":"https:\/\/www.fanprojekt-muenster.de\/wordpress\/#\/schema\/logo\/image\/"}}]}},"coauthors":[],"author_meta":{"author_link":"https:\/\/www.fanprojekt-muenster.de\/wordpress\/author\/jogy\/","display_name":"CJO"},"relative_dates":{"created":"Posted 2\u00a0Jahren ago","modified":"Updated 2\u00a0Jahren ago"},"absolute_dates":{"created":"Posted on 9. November 2023","modified":"Updated on 10. November 2023"},"absolute_dates_time":{"created":"Posted on 9. November 2023 23:44","modified":"Updated on 10. November 2023 13:07"},"featured_img_caption":"","featured_img":false,"series_order":"","_links":{"self":[{"href":"https:\/\/www.fanprojekt-muenster.de\/wordpress\/wp-json\/wp\/v2\/pages\/8986","targetHints":{"allow":["GET"]}}],"collection":[{"href":"https:\/\/www.fanprojekt-muenster.de\/wordpress\/wp-json\/wp\/v2\/pages"}],"about":[{"href":"https:\/\/www.fanprojekt-muenster.de\/wordpress\/wp-json\/wp\/v2\/types\/page"}],"author":[{"embeddable":true,"href":"https:\/\/www.fanprojekt-muenster.de\/wordpress\/wp-json\/wp\/v2\/users\/7"}],"replies":[{"embeddable":true,"href":"https:\/\/www.fanprojekt-muenster.de\/wordpress\/wp-json\/wp\/v2\/comments?post=8986"}],"version-history":[{"count":22,"href":"https:\/\/www.fanprojekt-muenster.de\/wordpress\/wp-json\/wp\/v2\/pages\/8986\/revisions"}],"predecessor-version":[{"id":9302,"href":"https:\/\/www.fanprojekt-muenster.de\/wordpress\/wp-json\/wp\/v2\/pages\/8986\/revisions\/9302"}],"up":[{"embeddable":true,"href":"https:\/\/www.fanprojekt-muenster.de\/wordpress\/wp-json\/wp\/v2\/pages\/338"}],"wp:attachment":[{"href":"https:\/\/www.fanprojekt-muenster.de\/wordpress\/wp-json\/wp\/v2\/media?parent=8986"}],"curies":[{"name":"wp","href":"https:\/\/api.w.org\/{rel}","templated":true}]}}