{"id":5781,"date":"2019-01-23T22:45:25","date_gmt":"2019-01-23T20:45:25","guid":{"rendered":"http:\/\/www.fanprojekt-muenster.de\/wp\/?page_id=5781"},"modified":"2019-01-23T22:45:25","modified_gmt":"2019-01-23T20:45:25","slug":"sonderzug-nach-muenchen","status":"publish","type":"page","link":"https:\/\/www.fanprojekt-muenster.de\/wordpress\/auswaertsspiele\/sonderzug-nach-muenchen\/","title":{"rendered":"Sonderzug nach M\u00fcnchen"},"content":{"rendered":"<p><a href=\"http:\/\/www.fanprojekt-muenster.de\/wp\/?p=5778&#038;preview=true\">Fragen und Antworten zum Kartenkauf (FAQ)<\/a><br \/>\n<a href=\"http:\/\/www.fanprojekt-muenster.de\/wp\/2019\/04\/06\/faq-fragen-und-antworten-zum-sonderzug-nach-muenchen-updates\/\"><strong>Fragen und Antworten zur Fahrt (FAQ Updates)<\/strong><\/a><\/p>\n<p><a href=\"http:\/\/www.fanprojekt-muenster.de\/wp\/wp-content\/uploads\/2019\/04\/Aushang_Wagenreihung.pdf\">Wagenreihung<\/a><br \/>\n<a href=\"http:\/\/www.fanprojekt-muenster.de\/wp\/wp-content\/uploads\/2019\/04\/Aushang_Bahnsteig.pdf\">Bahnsteig-Anzeigen<\/a><\/p>\n<p><a href=\"http:\/\/www.fanprojekt-muenster.de\/wp\/wp-content\/uploads\/2019\/02\/Aushang_Hausordnung.pdf\">Hausordnung<\/a><\/p>\n<p><a href=\"http:\/\/www.fanprojekt-muenster.de\/wp\/wp-content\/uploads\/2019\/02\/Aushang_Sitzwagen.pdf\">Sitzwagen<\/a><br \/>\n<a href=\"http:\/\/www.fanprojekt-muenster.de\/wp\/wp-content\/uploads\/2019\/02\/Aushang_Partywagen.pdf\">Partywagen<\/a><br \/>\n<a attid=\"5994\"  href=\"http:\/\/www.fanprojekt-muenster.de\/wp\/wp-content\/uploads\/2019\/04\/Aushang_EssenTrinken.pdf\">Getr\u00e4nke- und Speisekarte<\/a><\/p>\n<hr>\n<p><a href=\"http:\/\/www.fanprojekt-muenster.de\/wp\/auswaertsspiele\/anmeldung-sonderzug-muenchen\/\"><strong>Online-Anmeldung<\/strong><\/a><br \/>\n<a href=\"http:\/\/www.fanprojekt-muenster.de\/wp\/wp-content\/uploads\/2019\/01\/Anmeldung-Sonderzug-Muenchen.pdf\">Anmeldung zum Ausdrucken<\/a><\/p>\n<p><a href=\"http:\/\/www.fanprojekt-muenster.de\/wp\/auswaertsspiele\/sonderzug-nach-muenchen\/sonderzug-nach-muenchen-ordner-anmeldung\/\"><strong>Anmeldung als freiwilliger Ordner<\/strong><\/a><\/p>\n<hr>\n<p><strong>Ank\u00fcndigungen<\/strong><br \/>\n<a href=\"http:\/\/www.fanprojekt-muenster.de\/wp\/2019\/04\/15\/hart-aber-geil\/\">15.04.2019: &#8222;Hart, aber geil!&#8220;<\/a><br \/>\n<a href=\"http:\/\/www.fanprojekt-muenster.de\/wp\/2019\/04\/11\/abfahrt-0345-uhr-am-gleis-4\/\">11.04.2019: Abfahrt 03:45 Uhr am Gleis 4!<\/a><br \/>\n<a href=\"http:\/\/www.fanprojekt-muenster.de\/wp\/2019\/04\/07\/treffpunkt-biergarten\/\">07.04.2019: Treffpunkt BIERGARTEN<\/a><br \/>\n<a href=\"http:\/\/www.fanprojekt-muenster.de\/wp\/2019\/04\/06\/infos-fuer-alle-mitfahrenden-fans\/\">06.04.2019: Infos f\u00fcr alle mitfahrenden Fans<\/a><br \/>\n<a href=\"http:\/\/www.fanprojekt-muenster.de\/wp\/2019\/04\/06\/faq-fragen-und-antworten-zum-sonderzug-nach-muenchen-updates\/\">06.04.2019: FAQ: Fragen und Antworten zum Sonderzug nach M\u00fcnchen (Updates)<\/a><br \/>\n<a href=\"http:\/\/www.fanprojekt-muenster.de\/wp\/2019\/04\/02\/letzte-moeglichkeit-fuer-den-umtausch-zur-fahrkarte\/\">02.04.2019: Letzte M\u00f6glichkeit f\u00fcr den Umtausch zur Fahrkarte!<\/a><br \/>\n<a href=\"http:\/\/www.fanprojekt-muenster.de\/wp\/2019\/03\/28\/melde-dich-als-ordner-dann-wird-der-sonderzug-zum-erfolg\/\">28.03.2019: Melde dich als Ordner, dann wird der Sonderzug zum Erfolg<\/a><br \/>\n<a href=\"http:\/\/www.fanprojekt-muenster.de\/wp\/2019\/03\/22\/fanzug-nach-muenchen-faehrt-umtausch-der-gutscheine\/\">22.03.2019: Fanzug nach M\u00fcnchen f\u00e4hrt \u2013 Umtausch der Gutscheine<\/a><br \/>\n<a href=\"http:\/\/www.fanprojekt-muenster.de\/wp\/2019\/03\/12\/wanted-ordner-und-restkartenliebhaber\/\">12.03.2019: WANTED: Ordner und Restkartenliebhaber<\/a><br \/>\n<a href=\"http:\/\/www.fanprojekt-muenster.de\/wp\/2019\/02\/28\/letzte-moeglichkeit-fuer-vvvk-sonderzug-nach-muenchen\/\">28.02.2019: Letzte M\u00f6glichkeit f\u00fcr VVK<\/a><br \/>\n<a href=\"http:\/\/www.fanprojekt-muenster.de\/wp\/2019\/02\/24\/zwischenstand-zum-sonderzug\/\">24.02.2019: Zwischenstand zum Sonderzug<\/a><br \/>\n<a href=\"http:\/\/www.fanprojekt-muenster.de\/wp\/2019\/02\/16\/jetzt-noch-schnell-karten-fuer-den-sonderzug-sichern\/?preview_id=5846&#038;preview_nonce=3d74b2b3ee&#038;_thumbnail_id=5804&#038;preview=true\">16.02.2019: Jetzt noch schnell Karten f\u00fcr den Sonderzug sichern<\/a><br \/>\n<a href=\"http:\/\/www.fanprojekt-muenster.de\/wp\/2019\/02\/11\/komfortable-sitzplaetze-und-grossraeumige-partywagen\/\">11.02.2019: Komfortable Sitzpl\u00e4tze und gro\u00dfr\u00e4umige Partywagen<\/a><br \/>\n<a href=\"http:\/\/www.fanprojekt-muenster.de\/wp\/2019\/02\/08\/dfb-priorisiert-terminierung-fuer-den-sonderzug-nach-muenchen\/\">08.02.2019: DFB priorisiert Terminierung f\u00fcr den Sonderzug nach M\u00fcnchen<\/a><br \/>\n<a href=\"http:\/\/www.fanprojekt-muenster.de\/wp\/2019\/01\/30\/oeffentlicher-vorverkauf-startet-gegen-kaiserslautern\/\">29.01.2019: \u00d6ffentlicher Vorverkauf startet gegen Kaiserslautern am Fancontainer!<\/a><br \/>\n<a href=\"http:\/\/www.fanprojekt-muenster.de\/wp\/2019\/01\/23\/jetzt-gehts-richtig-los-online-anmeldungen-fuer-den-sonderzug-nach-muenchen\/\">23.01.2019: Jetzt geht\u2019s richtig los! \u2013 Online Anmeldungen f\u00fcr den Sonderzug nach M\u00fcnchen<\/a><br \/>\n<a href=\"http:\/\/www.fanprojekt-muenster.de\/wp\/2019\/01\/23\/faq-fragen-und-antworten-zum-sonderzug-nach-muenchen\/\">23.01.2019: FAQ: Fragen und Antworten zum Sonderzug nach M\u00fcnchen<\/a><br \/>\n<a href=\"http:\/\/www.fanprojekt-muenster.de\/wp\/2019\/01\/11\/sonderzug-nach-muenchen\/\">11.01.2019: Sonderzug nach M\u00fcnchen<\/a><\/p>\n","protected":false},"excerpt":{"rendered":"<p>Fragen und Antworten zum Kartenkauf (FAQ) Fragen und Antworten zur Fahrt (FAQ Updates) Wagenreihung Bahnsteig-Anzeigen Hausordnung Sitzwagen Partywagen Getr\u00e4nke- und Speisekarte Online-Anmeldung Anmeldung zum Ausdrucken Anmeldung als freiwilliger Ordner Ank\u00fcndigungen&#8230; <a class=\"read-more-link\" href=\"https:\/\/www.fanprojekt-muenster.de\/wordpress\/auswaertsspiele\/sonderzug-nach-muenchen\/\">Read more &raquo;<\/a><\/p>\n","protected":false},"author":6,"featured_media":0,"parent":4896,"menu_order":0,"comment_status":"closed","ping_status":"closed","template":"","meta":{"advgb_blocks_editor_width":"","advgb_blocks_columns_visual_guide":"","footnotes":""},"class_list":["post-5781","page","type-page","status-publish","hentry"],"featured_image_src":null,"yoast_head":"<!-- This site is optimized with the Yoast SEO plugin v27.2 - https:\/\/yoast.com\/product\/yoast-seo-wordpress\/ -->\n<title>Sonderzug nach M\u00fcnchen - Fangemeinschaft Preu\u00dfen M\u00fcnster e. V.<\/title>\n<meta name=\"robots\" content=\"index, follow, max-snippet:-1, max-image-preview:large, max-video-preview:-1\" \/>\n<link rel=\"canonical\" href=\"https:\/\/www.fanprojekt-muenster.de\/wordpress\/auswaertsspiele\/sonderzug-nach-muenchen\/\" \/>\n<meta property=\"og:locale\" content=\"de_DE\" \/>\n<meta property=\"og:type\" content=\"article\" \/>\n<meta property=\"og:title\" content=\"Sonderzug nach M\u00fcnchen - Fangemeinschaft Preu\u00dfen M\u00fcnster e. V.\" \/>\n<meta property=\"og:description\" content=\"Fragen und Antworten zum Kartenkauf (FAQ) Fragen und Antworten zur Fahrt (FAQ Updates) Wagenreihung Bahnsteig-Anzeigen Hausordnung Sitzwagen Partywagen Getr\u00e4nke- und Speisekarte Online-Anmeldung Anmeldung zum Ausdrucken Anmeldung als freiwilliger Ordner Ank\u00fcndigungen... Read more &raquo;\" \/>\n<meta property=\"og:url\" content=\"https:\/\/www.fanprojekt-muenster.de\/wordpress\/auswaertsspiele\/sonderzug-nach-muenchen\/\" \/>\n<meta property=\"og:site_name\" content=\"Fangemeinschaft Preu\u00dfen M\u00fcnster e. V.\" \/>\n<meta name=\"twitter:card\" content=\"summary_large_image\" \/>\n<meta name=\"twitter:label1\" content=\"Gesch\u00e4tzte Lesezeit\" \/>\n\t<meta name=\"twitter:data1\" content=\"1\u00a0Minute\" \/>\n<script type=\"application\/ld+json\" class=\"yoast-schema-graph\">{\"@context\":\"https:\/\/schema.org\",\"@graph\":[{\"@type\":\"WebPage\",\"@id\":\"https:\/\/www.fanprojekt-muenster.de\/wordpress\/auswaertsspiele\/sonderzug-nach-muenchen\/\",\"url\":\"https:\/\/www.fanprojekt-muenster.de\/wordpress\/auswaertsspiele\/sonderzug-nach-muenchen\/\",\"name\":\"Sonderzug nach M\u00fcnchen - Fangemeinschaft Preu\u00dfen M\u00fcnster e. V.\",\"isPartOf\":{\"@id\":\"https:\/\/www.fanprojekt-muenster.de\/wordpress\/#website\"},\"datePublished\":\"2019-01-23T20:45:25+00:00\",\"breadcrumb\":{\"@id\":\"https:\/\/www.fanprojekt-muenster.de\/wordpress\/auswaertsspiele\/sonderzug-nach-muenchen\/#breadcrumb\"},\"inLanguage\":\"de\",\"potentialAction\":[{\"@type\":\"ReadAction\",\"target\":[\"https:\/\/www.fanprojekt-muenster.de\/wordpress\/auswaertsspiele\/sonderzug-nach-muenchen\/\"]}]},{\"@type\":\"BreadcrumbList\",\"@id\":\"https:\/\/www.fanprojekt-muenster.de\/wordpress\/auswaertsspiele\/sonderzug-nach-muenchen\/#breadcrumb\",\"itemListElement\":[{\"@type\":\"ListItem\",\"position\":1,\"name\":\"Startseite\",\"item\":\"https:\/\/www.fanprojekt-muenster.de\/wordpress\/\"},{\"@type\":\"ListItem\",\"position\":2,\"name\":\"Ausw\u00e4rtsspiele\",\"item\":\"https:\/\/www.fanprojekt-muenster.de\/wordpress\/auswaertsspiele\/\"},{\"@type\":\"ListItem\",\"position\":3,\"name\":\"Sonderzug nach M\u00fcnchen\"}]},{\"@type\":\"WebSite\",\"@id\":\"https:\/\/www.fanprojekt-muenster.de\/wordpress\/#website\",\"url\":\"https:\/\/www.fanprojekt-muenster.de\/wordpress\/\",\"name\":\"Fangemeinschaft Preu\u00dfen M\u00fcnster e. V.\",\"description\":\"\",\"publisher\":{\"@id\":\"https:\/\/www.fanprojekt-muenster.de\/wordpress\/#organization\"},\"potentialAction\":[{\"@type\":\"SearchAction\",\"target\":{\"@type\":\"EntryPoint\",\"urlTemplate\":\"https:\/\/www.fanprojekt-muenster.de\/wordpress\/?s={search_term_string}\"},\"query-input\":{\"@type\":\"PropertyValueSpecification\",\"valueRequired\":true,\"valueName\":\"search_term_string\"}}],\"inLanguage\":\"de\"},{\"@type\":\"Organization\",\"@id\":\"https:\/\/www.fanprojekt-muenster.de\/wordpress\/#organization\",\"name\":\"Fangemeinschaft Preu\u00dfen M\u00fcnster e. V.\",\"url\":\"https:\/\/www.fanprojekt-muenster.de\/wordpress\/\",\"logo\":{\"@type\":\"ImageObject\",\"inLanguage\":\"de\",\"@id\":\"https:\/\/www.fanprojekt-muenster.de\/wordpress\/#\/schema\/logo\/image\/\",\"url\":\"https:\/\/www.fanprojekt-muenster.de\/wordpress\/wp-content\/uploads\/2019\/07\/cropped-Website_Logo3-9.png\",\"contentUrl\":\"https:\/\/www.fanprojekt-muenster.de\/wordpress\/wp-content\/uploads\/2019\/07\/cropped-Website_Logo3-9.png\",\"width\":224,\"height\":42,\"caption\":\"Fangemeinschaft Preu\u00dfen M\u00fcnster e. V.\"},\"image\":{\"@id\":\"https:\/\/www.fanprojekt-muenster.de\/wordpress\/#\/schema\/logo\/image\/\"}}]}<\/script>\n<!-- \/ Yoast SEO plugin. -->","yoast_head_json":{"title":"Sonderzug nach M\u00fcnchen - Fangemeinschaft Preu\u00dfen M\u00fcnster e. V.","robots":{"index":"index","follow":"follow","max-snippet":"max-snippet:-1","max-image-preview":"max-image-preview:large","max-video-preview":"max-video-preview:-1"},"canonical":"https:\/\/www.fanprojekt-muenster.de\/wordpress\/auswaertsspiele\/sonderzug-nach-muenchen\/","og_locale":"de_DE","og_type":"article","og_title":"Sonderzug nach M\u00fcnchen - Fangemeinschaft Preu\u00dfen M\u00fcnster e. V.","og_description":"Fragen und Antworten zum Kartenkauf (FAQ) Fragen und Antworten zur Fahrt (FAQ Updates) Wagenreihung Bahnsteig-Anzeigen Hausordnung Sitzwagen Partywagen Getr\u00e4nke- und Speisekarte Online-Anmeldung Anmeldung zum Ausdrucken Anmeldung als freiwilliger Ordner Ank\u00fcndigungen... Read more &raquo;","og_url":"https:\/\/www.fanprojekt-muenster.de\/wordpress\/auswaertsspiele\/sonderzug-nach-muenchen\/","og_site_name":"Fangemeinschaft Preu\u00dfen M\u00fcnster e. V.","twitter_card":"summary_large_image","twitter_misc":{"Gesch\u00e4tzte Lesezeit":"1\u00a0Minute"},"schema":{"@context":"https:\/\/schema.org","@graph":[{"@type":"WebPage","@id":"https:\/\/www.fanprojekt-muenster.de\/wordpress\/auswaertsspiele\/sonderzug-nach-muenchen\/","url":"https:\/\/www.fanprojekt-muenster.de\/wordpress\/auswaertsspiele\/sonderzug-nach-muenchen\/","name":"Sonderzug nach M\u00fcnchen - Fangemeinschaft Preu\u00dfen M\u00fcnster e. V.","isPartOf":{"@id":"https:\/\/www.fanprojekt-muenster.de\/wordpress\/#website"},"datePublished":"2019-01-23T20:45:25+00:00","breadcrumb":{"@id":"https:\/\/www.fanprojekt-muenster.de\/wordpress\/auswaertsspiele\/sonderzug-nach-muenchen\/#breadcrumb"},"inLanguage":"de","potentialAction":[{"@type":"ReadAction","target":["https:\/\/www.fanprojekt-muenster.de\/wordpress\/auswaertsspiele\/sonderzug-nach-muenchen\/"]}]},{"@type":"BreadcrumbList","@id":"https:\/\/www.fanprojekt-muenster.de\/wordpress\/auswaertsspiele\/sonderzug-nach-muenchen\/#breadcrumb","itemListElement":[{"@type":"ListItem","position":1,"name":"Startseite","item":"https:\/\/www.fanprojekt-muenster.de\/wordpress\/"},{"@type":"ListItem","position":2,"name":"Ausw\u00e4rtsspiele","item":"https:\/\/www.fanprojekt-muenster.de\/wordpress\/auswaertsspiele\/"},{"@type":"ListItem","position":3,"name":"Sonderzug nach M\u00fcnchen"}]},{"@type":"WebSite","@id":"https:\/\/www.fanprojekt-muenster.de\/wordpress\/#website","url":"https:\/\/www.fanprojekt-muenster.de\/wordpress\/","name":"Fangemeinschaft Preu\u00dfen M\u00fcnster e. V.","description":"","publisher":{"@id":"https:\/\/www.fanprojekt-muenster.de\/wordpress\/#organization"},"potentialAction":[{"@type":"SearchAction","target":{"@type":"EntryPoint","urlTemplate":"https:\/\/www.fanprojekt-muenster.de\/wordpress\/?s={search_term_string}"},"query-input":{"@type":"PropertyValueSpecification","valueRequired":true,"valueName":"search_term_string"}}],"inLanguage":"de"},{"@type":"Organization","@id":"https:\/\/www.fanprojekt-muenster.de\/wordpress\/#organization","name":"Fangemeinschaft Preu\u00dfen M\u00fcnster e. V.","url":"https:\/\/www.fanprojekt-muenster.de\/wordpress\/","logo":{"@type":"ImageObject","inLanguage":"de","@id":"https:\/\/www.fanprojekt-muenster.de\/wordpress\/#\/schema\/logo\/image\/","url":"https:\/\/www.fanprojekt-muenster.de\/wordpress\/wp-content\/uploads\/2019\/07\/cropped-Website_Logo3-9.png","contentUrl":"https:\/\/www.fanprojekt-muenster.de\/wordpress\/wp-content\/uploads\/2019\/07\/cropped-Website_Logo3-9.png","width":224,"height":42,"caption":"Fangemeinschaft Preu\u00dfen M\u00fcnster e. V."},"image":{"@id":"https:\/\/www.fanprojekt-muenster.de\/wordpress\/#\/schema\/logo\/image\/"}}]}},"coauthors":[],"author_meta":{"author_link":"https:\/\/www.fanprojekt-muenster.de\/wordpress\/author\/508\/","display_name":"508"},"relative_dates":{"created":"Posted 7\u00a0Jahren ago","modified":"Updated 7\u00a0Jahren ago"},"absolute_dates":{"created":"Posted on 23. Januar 2019","modified":"Updated on 23. Januar 2019"},"absolute_dates_time":{"created":"Posted on 23. Januar 2019 22:45","modified":"Updated on 23. Januar 2019 22:45"},"featured_img_caption":"","featured_img":false,"series_order":"","_links":{"self":[{"href":"https:\/\/www.fanprojekt-muenster.de\/wordpress\/wp-json\/wp\/v2\/pages\/5781","targetHints":{"allow":["GET"]}}],"collection":[{"href":"https:\/\/www.fanprojekt-muenster.de\/wordpress\/wp-json\/wp\/v2\/pages"}],"about":[{"href":"https:\/\/www.fanprojekt-muenster.de\/wordpress\/wp-json\/wp\/v2\/types\/page"}],"author":[{"embeddable":true,"href":"https:\/\/www.fanprojekt-muenster.de\/wordpress\/wp-json\/wp\/v2\/users\/6"}],"replies":[{"embeddable":true,"href":"https:\/\/www.fanprojekt-muenster.de\/wordpress\/wp-json\/wp\/v2\/comments?post=5781"}],"version-history":[{"count":0,"href":"https:\/\/www.fanprojekt-muenster.de\/wordpress\/wp-json\/wp\/v2\/pages\/5781\/revisions"}],"up":[{"embeddable":true,"href":"https:\/\/www.fanprojekt-muenster.de\/wordpress\/wp-json\/wp\/v2\/pages\/4896"}],"wp:attachment":[{"href":"https:\/\/www.fanprojekt-muenster.de\/wordpress\/wp-json\/wp\/v2\/media?parent=5781"}],"curies":[{"name":"wp","href":"https:\/\/api.w.org\/{rel}","templated":true}]}}