{"id":4881,"date":"2015-08-09T22:26:40","date_gmt":"2015-08-09T20:26:40","guid":{"rendered":"http:\/\/www.fanprojekt-muenster.de\/wp\/?page_id=4881"},"modified":"2019-10-16T10:34:46","modified_gmt":"2019-10-16T08:34:46","slug":"auswaerts-in-kneipen","status":"publish","type":"page","link":"https:\/\/www.fanprojekt-muenster.de\/wordpress\/auswaertsspiele\/auswaerts-in-kneipen\/","title":{"rendered":"Ausw\u00e4rts in Kneipen"},"content":{"rendered":"<h2>Ausw\u00e4rts in Kneipen<\/h2>\n<p>Wenn du es nicht schaffst, ausw\u00e4rts mit Preu\u00dfen dabei zu sein, dann kannst du <a href=\"https:\/\/www.radioms.de\">Radio Mottekstrehle<\/a> h\u00f6ren, oder dich mit Freunden und Gleichgesinnten in den Kneipen um die Ecke zum Rudelgucken oder Rudelh\u00f6ren treffen:<\/p>\n<p><a href=\"http:\/\/www.boheme-boulette.de\/\" target=\"_blank\" rel=\"noopener noreferrer\"><strong>Boh\u00e8me Boulette<\/strong><\/a> Dortmunder Stra\u00dfe 34, 48155 M\u00fcnster<br \/>\n<a href=\"https:\/\/www.facebook.com\/pages\/Heile-Welt\/289262367790240?fref=ts\" target=\"_blank\" rel=\"noopener noreferrer\"><strong>Heile Welt<\/strong><\/a> H\u00f6rsterstra\u00dfe 33, 48143 M\u00fcnster<br \/>\n<a href=\"http:\/\/nordschaenke.de\/\"><strong>Nordsch\u00e4nke<\/strong><\/a> Kanalstra\u00dfe 40, 48147 M\u00fcnster<\/p>\n<p><em>Wenn du weitere Kneipen kennst, wo Preu\u00dfen geschaut oder geh\u00f6rt wird, kannst du sie uns gerne \u00fcber unser <a href=\"http:\/\/www.fanprojekt-muenster.de\/wp\/kontakt\/\">Kontaktformular<\/a> mitteilen.<\/em><\/p>\n","protected":false},"excerpt":{"rendered":"<p>Ausw\u00e4rts in Kneipen Wenn du es nicht schaffst, ausw\u00e4rts mit Preu\u00dfen dabei zu sein, dann kannst du Radio Mottekstrehle h\u00f6ren, oder dich mit Freunden und Gleichgesinnten in den Kneipen um&#8230; <a class=\"read-more-link\" href=\"https:\/\/www.fanprojekt-muenster.de\/wordpress\/auswaertsspiele\/auswaerts-in-kneipen\/\">Read more &raquo;<\/a><\/p>\n","protected":false},"author":6,"featured_media":0,"parent":4896,"menu_order":0,"comment_status":"closed","ping_status":"closed","template":"","meta":{"advgb_blocks_editor_width":"","advgb_blocks_columns_visual_guide":"","footnotes":""},"class_list":["post-4881","page","type-page","status-publish","hentry"],"featured_image_src":null,"yoast_head":"<!-- This site is optimized with the Yoast SEO plugin v27.2 - https:\/\/yoast.com\/product\/yoast-seo-wordpress\/ -->\n<title>Ausw\u00e4rts in Kneipen - Fangemeinschaft Preu\u00dfen M\u00fcnster e. V.<\/title>\n<meta name=\"robots\" content=\"index, follow, max-snippet:-1, max-image-preview:large, max-video-preview:-1\" \/>\n<link rel=\"canonical\" href=\"https:\/\/www.fanprojekt-muenster.de\/wordpress\/auswaertsspiele\/auswaerts-in-kneipen\/\" \/>\n<meta property=\"og:locale\" content=\"de_DE\" \/>\n<meta property=\"og:type\" content=\"article\" \/>\n<meta property=\"og:title\" content=\"Ausw\u00e4rts in Kneipen - Fangemeinschaft Preu\u00dfen M\u00fcnster e. V.\" \/>\n<meta property=\"og:description\" content=\"Ausw\u00e4rts in Kneipen Wenn du es nicht schaffst, ausw\u00e4rts mit Preu\u00dfen dabei zu sein, dann kannst du Radio Mottekstrehle h\u00f6ren, oder dich mit Freunden und Gleichgesinnten in den Kneipen um... Read more &raquo;\" \/>\n<meta property=\"og:url\" content=\"https:\/\/www.fanprojekt-muenster.de\/wordpress\/auswaertsspiele\/auswaerts-in-kneipen\/\" \/>\n<meta property=\"og:site_name\" content=\"Fangemeinschaft Preu\u00dfen M\u00fcnster e. V.\" \/>\n<meta property=\"article:modified_time\" content=\"2019-10-16T08:34:46+00:00\" \/>\n<meta name=\"twitter:card\" content=\"summary_large_image\" \/>\n<script type=\"application\/ld+json\" class=\"yoast-schema-graph\">{\"@context\":\"https:\/\/schema.org\",\"@graph\":[{\"@type\":\"WebPage\",\"@id\":\"https:\/\/www.fanprojekt-muenster.de\/wordpress\/auswaertsspiele\/auswaerts-in-kneipen\/\",\"url\":\"https:\/\/www.fanprojekt-muenster.de\/wordpress\/auswaertsspiele\/auswaerts-in-kneipen\/\",\"name\":\"Ausw\u00e4rts in Kneipen - Fangemeinschaft Preu\u00dfen M\u00fcnster e. V.\",\"isPartOf\":{\"@id\":\"https:\/\/www.fanprojekt-muenster.de\/wordpress\/#website\"},\"datePublished\":\"2015-08-09T20:26:40+00:00\",\"dateModified\":\"2019-10-16T08:34:46+00:00\",\"breadcrumb\":{\"@id\":\"https:\/\/www.fanprojekt-muenster.de\/wordpress\/auswaertsspiele\/auswaerts-in-kneipen\/#breadcrumb\"},\"inLanguage\":\"de\",\"potentialAction\":[{\"@type\":\"ReadAction\",\"target\":[\"https:\/\/www.fanprojekt-muenster.de\/wordpress\/auswaertsspiele\/auswaerts-in-kneipen\/\"]}]},{\"@type\":\"BreadcrumbList\",\"@id\":\"https:\/\/www.fanprojekt-muenster.de\/wordpress\/auswaertsspiele\/auswaerts-in-kneipen\/#breadcrumb\",\"itemListElement\":[{\"@type\":\"ListItem\",\"position\":1,\"name\":\"Startseite\",\"item\":\"https:\/\/www.fanprojekt-muenster.de\/wordpress\/\"},{\"@type\":\"ListItem\",\"position\":2,\"name\":\"Ausw\u00e4rtsspiele\",\"item\":\"https:\/\/www.fanprojekt-muenster.de\/wordpress\/auswaertsspiele\/\"},{\"@type\":\"ListItem\",\"position\":3,\"name\":\"Ausw\u00e4rts in Kneipen\"}]},{\"@type\":\"WebSite\",\"@id\":\"https:\/\/www.fanprojekt-muenster.de\/wordpress\/#website\",\"url\":\"https:\/\/www.fanprojekt-muenster.de\/wordpress\/\",\"name\":\"Fangemeinschaft Preu\u00dfen M\u00fcnster e. V.\",\"description\":\"\",\"publisher\":{\"@id\":\"https:\/\/www.fanprojekt-muenster.de\/wordpress\/#organization\"},\"potentialAction\":[{\"@type\":\"SearchAction\",\"target\":{\"@type\":\"EntryPoint\",\"urlTemplate\":\"https:\/\/www.fanprojekt-muenster.de\/wordpress\/?s={search_term_string}\"},\"query-input\":{\"@type\":\"PropertyValueSpecification\",\"valueRequired\":true,\"valueName\":\"search_term_string\"}}],\"inLanguage\":\"de\"},{\"@type\":\"Organization\",\"@id\":\"https:\/\/www.fanprojekt-muenster.de\/wordpress\/#organization\",\"name\":\"Fangemeinschaft Preu\u00dfen M\u00fcnster e. V.\",\"url\":\"https:\/\/www.fanprojekt-muenster.de\/wordpress\/\",\"logo\":{\"@type\":\"ImageObject\",\"inLanguage\":\"de\",\"@id\":\"https:\/\/www.fanprojekt-muenster.de\/wordpress\/#\/schema\/logo\/image\/\",\"url\":\"https:\/\/www.fanprojekt-muenster.de\/wordpress\/wp-content\/uploads\/2019\/07\/cropped-Website_Logo3-9.png\",\"contentUrl\":\"https:\/\/www.fanprojekt-muenster.de\/wordpress\/wp-content\/uploads\/2019\/07\/cropped-Website_Logo3-9.png\",\"width\":224,\"height\":42,\"caption\":\"Fangemeinschaft Preu\u00dfen M\u00fcnster e. V.\"},\"image\":{\"@id\":\"https:\/\/www.fanprojekt-muenster.de\/wordpress\/#\/schema\/logo\/image\/\"}}]}<\/script>\n<!-- \/ Yoast SEO plugin. -->","yoast_head_json":{"title":"Ausw\u00e4rts in Kneipen - Fangemeinschaft Preu\u00dfen M\u00fcnster e. V.","robots":{"index":"index","follow":"follow","max-snippet":"max-snippet:-1","max-image-preview":"max-image-preview:large","max-video-preview":"max-video-preview:-1"},"canonical":"https:\/\/www.fanprojekt-muenster.de\/wordpress\/auswaertsspiele\/auswaerts-in-kneipen\/","og_locale":"de_DE","og_type":"article","og_title":"Ausw\u00e4rts in Kneipen - Fangemeinschaft Preu\u00dfen M\u00fcnster e. V.","og_description":"Ausw\u00e4rts in Kneipen Wenn du es nicht schaffst, ausw\u00e4rts mit Preu\u00dfen dabei zu sein, dann kannst du Radio Mottekstrehle h\u00f6ren, oder dich mit Freunden und Gleichgesinnten in den Kneipen um... Read more &raquo;","og_url":"https:\/\/www.fanprojekt-muenster.de\/wordpress\/auswaertsspiele\/auswaerts-in-kneipen\/","og_site_name":"Fangemeinschaft Preu\u00dfen M\u00fcnster e. V.","article_modified_time":"2019-10-16T08:34:46+00:00","twitter_card":"summary_large_image","schema":{"@context":"https:\/\/schema.org","@graph":[{"@type":"WebPage","@id":"https:\/\/www.fanprojekt-muenster.de\/wordpress\/auswaertsspiele\/auswaerts-in-kneipen\/","url":"https:\/\/www.fanprojekt-muenster.de\/wordpress\/auswaertsspiele\/auswaerts-in-kneipen\/","name":"Ausw\u00e4rts in Kneipen - Fangemeinschaft Preu\u00dfen M\u00fcnster e. V.","isPartOf":{"@id":"https:\/\/www.fanprojekt-muenster.de\/wordpress\/#website"},"datePublished":"2015-08-09T20:26:40+00:00","dateModified":"2019-10-16T08:34:46+00:00","breadcrumb":{"@id":"https:\/\/www.fanprojekt-muenster.de\/wordpress\/auswaertsspiele\/auswaerts-in-kneipen\/#breadcrumb"},"inLanguage":"de","potentialAction":[{"@type":"ReadAction","target":["https:\/\/www.fanprojekt-muenster.de\/wordpress\/auswaertsspiele\/auswaerts-in-kneipen\/"]}]},{"@type":"BreadcrumbList","@id":"https:\/\/www.fanprojekt-muenster.de\/wordpress\/auswaertsspiele\/auswaerts-in-kneipen\/#breadcrumb","itemListElement":[{"@type":"ListItem","position":1,"name":"Startseite","item":"https:\/\/www.fanprojekt-muenster.de\/wordpress\/"},{"@type":"ListItem","position":2,"name":"Ausw\u00e4rtsspiele","item":"https:\/\/www.fanprojekt-muenster.de\/wordpress\/auswaertsspiele\/"},{"@type":"ListItem","position":3,"name":"Ausw\u00e4rts in Kneipen"}]},{"@type":"WebSite","@id":"https:\/\/www.fanprojekt-muenster.de\/wordpress\/#website","url":"https:\/\/www.fanprojekt-muenster.de\/wordpress\/","name":"Fangemeinschaft Preu\u00dfen M\u00fcnster e. V.","description":"","publisher":{"@id":"https:\/\/www.fanprojekt-muenster.de\/wordpress\/#organization"},"potentialAction":[{"@type":"SearchAction","target":{"@type":"EntryPoint","urlTemplate":"https:\/\/www.fanprojekt-muenster.de\/wordpress\/?s={search_term_string}"},"query-input":{"@type":"PropertyValueSpecification","valueRequired":true,"valueName":"search_term_string"}}],"inLanguage":"de"},{"@type":"Organization","@id":"https:\/\/www.fanprojekt-muenster.de\/wordpress\/#organization","name":"Fangemeinschaft Preu\u00dfen M\u00fcnster e. V.","url":"https:\/\/www.fanprojekt-muenster.de\/wordpress\/","logo":{"@type":"ImageObject","inLanguage":"de","@id":"https:\/\/www.fanprojekt-muenster.de\/wordpress\/#\/schema\/logo\/image\/","url":"https:\/\/www.fanprojekt-muenster.de\/wordpress\/wp-content\/uploads\/2019\/07\/cropped-Website_Logo3-9.png","contentUrl":"https:\/\/www.fanprojekt-muenster.de\/wordpress\/wp-content\/uploads\/2019\/07\/cropped-Website_Logo3-9.png","width":224,"height":42,"caption":"Fangemeinschaft Preu\u00dfen M\u00fcnster e. V."},"image":{"@id":"https:\/\/www.fanprojekt-muenster.de\/wordpress\/#\/schema\/logo\/image\/"}}]}},"coauthors":[],"author_meta":{"author_link":"https:\/\/www.fanprojekt-muenster.de\/wordpress\/author\/508\/","display_name":"508"},"relative_dates":{"created":"Posted 11\u00a0Jahren ago","modified":"Updated 7\u00a0Jahren ago"},"absolute_dates":{"created":"Posted on 9. August 2015","modified":"Updated on 16. Oktober 2019"},"absolute_dates_time":{"created":"Posted on 9. August 2015 22:26","modified":"Updated on 16. Oktober 2019 10:34"},"featured_img_caption":"","featured_img":false,"series_order":"","_links":{"self":[{"href":"https:\/\/www.fanprojekt-muenster.de\/wordpress\/wp-json\/wp\/v2\/pages\/4881","targetHints":{"allow":["GET"]}}],"collection":[{"href":"https:\/\/www.fanprojekt-muenster.de\/wordpress\/wp-json\/wp\/v2\/pages"}],"about":[{"href":"https:\/\/www.fanprojekt-muenster.de\/wordpress\/wp-json\/wp\/v2\/types\/page"}],"author":[{"embeddable":true,"href":"https:\/\/www.fanprojekt-muenster.de\/wordpress\/wp-json\/wp\/v2\/users\/6"}],"replies":[{"embeddable":true,"href":"https:\/\/www.fanprojekt-muenster.de\/wordpress\/wp-json\/wp\/v2\/comments?post=4881"}],"version-history":[{"count":2,"href":"https:\/\/www.fanprojekt-muenster.de\/wordpress\/wp-json\/wp\/v2\/pages\/4881\/revisions"}],"predecessor-version":[{"id":6981,"href":"https:\/\/www.fanprojekt-muenster.de\/wordpress\/wp-json\/wp\/v2\/pages\/4881\/revisions\/6981"}],"up":[{"embeddable":true,"href":"https:\/\/www.fanprojekt-muenster.de\/wordpress\/wp-json\/wp\/v2\/pages\/4896"}],"wp:attachment":[{"href":"https:\/\/www.fanprojekt-muenster.de\/wordpress\/wp-json\/wp\/v2\/media?parent=4881"}],"curies":[{"name":"wp","href":"https:\/\/api.w.org\/{rel}","templated":true}]}}