{"id":4031,"date":"2015-02-21T16:50:27","date_gmt":"2015-02-21T14:50:27","guid":{"rendered":"http:\/\/www.fanprojekt-muenster.de\/wp\/?page_id=4031"},"modified":"2015-02-21T16:50:27","modified_gmt":"2015-02-21T14:50:27","slug":"sonderzug-nach-halle","status":"publish","type":"page","link":"https:\/\/www.fanprojekt-muenster.de\/wordpress\/auswaertsspiele\/sonderzug-nach-halle\/","title":{"rendered":"Sonderzug nach Halle"},"content":{"rendered":"<p>Auf dieser Seite findest du alle ver\u00f6ffentlichten Informationen zu dem Sonderzug nach Halle.<a href=\"http:\/\/www.fanprojekt-muenster.de\/wp\/wp-content\/uploads\/2015\/02\/Unbenannt1.png\"><img loading=\"lazy\" decoding=\"async\" class=\"alignright size-medium wp-image-4053\" src=\"http:\/\/www.fanprojekt-muenster.de\/wp\/wp-content\/uploads\/2015\/02\/Unbenannt1-208x300.png\" alt=\"Sonderzug - Flyer\" width=\"208\" height=\"300\" \/><\/a><strong><br \/>\n<\/strong><\/p>\n<p><strong>Artikel<\/strong><\/p>\n<p>&#8211; <a title=\"Alle nach Halle mit eigenem Fan-Zug\" href=\"http:\/\/www.fanprojekt-muenster.de\/wp\/2015\/02\/21\/alle-nach-halle-mit-eigenem-fan-zug\/\">Alle nach Halle mit eigenem Fan-Zug<\/a>\u00a0(21.02.15)<br \/>\n&#8211; <a title=\"Update No. 1 \u2013 Sonderzug nach Halle\" href=\"http:\/\/www.fanprojekt-muenster.de\/wp\/2015\/03\/04\/update-no-1-sonderzug-nach-halle\/\">Update No. 1 &#8211; Sonderzug nach Halle<\/a>\u00a0(04.03.15)<br \/>\n&#8211; <a title=\"Update No. 2 \u2013 Sonderzug nach Halle\" href=\"http:\/\/www.fanprojekt-muenster.de\/wp\/2015\/03\/09\/update-no-2-sonderzug-nach-halle\/\">Update No. 2 &#8211; Sonderzug nach Halle<\/a> (09.03.15)<br \/>\n&#8211; <a title=\"Update No. 3 \u2013 Sonderzug nach Halle\" href=\"http:\/\/www.fanprojekt-muenster.de\/wp\/2015\/03\/15\/update-no-3-sonderzug-nach-halle\/\">Update No. 3 &#8211; Sonderzug nach Halle<\/a> (15.03.15)<br \/>\n&#8211;\u00a0<a title=\"Update No. 4 \u2013 Sonderzug nach Halle\" href=\"http:\/\/www.fanprojekt-muenster.de\/wp\/2015\/03\/24\/update-no-4-sonderzug-nach-halle\/\">Update No. 4 &#8211; Sonderzug nach Halle<\/a> (24.03.15)<br \/>\n&#8211;\u00a0<a title=\"Update No. 5 \u2013 Sonderzug nach Halle\" href=\"http:\/\/www.fanprojekt-muenster.de\/wp\/2015\/03\/30\/update-no-5-sonderzug-nach-halle\/\">Update No. 5 &#8211; Sonderzug nach Halle<\/a> (30.03.15)<br \/>\n<strong>&#8211; NEU &#8211;<\/strong> <a title=\"Sonderzug nach Halle war ein voller Erfolg!\" href=\"http:\/\/www.fanprojekt-muenster.de\/wp\/2015\/04\/06\/sonderzug-nach-halle-war-ein-voller-erfolg\/\">R\u00fcckblick &#8211; Sonderzug nach Halle war ein voller Erfolg<\/a> (06.04.15)<\/p>\n<p><strong>Bildergalerie<\/strong><\/p>\n<p><strong>&#8211; NEU &#8211;<\/strong> <a title=\"Sonderzug Halle \u2013 2015\" href=\"http:\/\/www.fanprojekt-muenster.de\/wp\/galerien\/sonderzug-halle-2015\/\">Bildergalerie &#8211; Sonderzug nach Halle<\/a>\u00a0(08.04.15)<\/p>\n<p><strong>Flyer<\/strong><\/p>\n<p>&#8211; <a href=\"http:\/\/www.fanprojekt-muenster.de\/wp\/wp-content\/uploads\/2015\/02\/Flyer_Partywagen.pdf\" target=\"_blank\" rel=\"noopener noreferrer\">Partywagen<\/a><br \/>\n&#8211; <a href=\"http:\/\/www.fanprojekt-muenster.de\/wp\/wp-content\/uploads\/2015\/02\/Flyer_Sitzwagen.pdf\" target=\"_blank\" rel=\"noopener noreferrer\">Sitzwagen<\/a><br \/>\n&#8211; <a href=\"http:\/\/www.fanprojekt-muenster.de\/wp\/wp-content\/uploads\/2015\/02\/Flyer_Hausordnung.pdf\" target=\"_blank\" rel=\"noopener noreferrer\">Hausordnung<\/a><br \/>\n&#8211; <a href=\"http:\/\/www.fanprojekt-muenster.de\/wp\/wp-content\/uploads\/2015\/03\/Wagenreihung.png\" target=\"_blank\" rel=\"noopener noreferrer\">Wagenreihung<\/a><\/p>\n","protected":false},"excerpt":{"rendered":"<p>Auf dieser Seite findest du alle ver\u00f6ffentlichten Informationen zu dem Sonderzug nach Halle. Artikel &#8211; Alle nach Halle mit eigenem Fan-Zug\u00a0(21.02.15) &#8211; Update No. 1 &#8211; Sonderzug nach Halle\u00a0(04.03.15) &#8211;&#8230; <a class=\"read-more-link\" href=\"https:\/\/www.fanprojekt-muenster.de\/wordpress\/auswaertsspiele\/sonderzug-nach-halle\/\">Read more &raquo;<\/a><\/p>\n","protected":false},"author":2,"featured_media":0,"parent":4896,"menu_order":0,"comment_status":"closed","ping_status":"closed","template":"","meta":{"advgb_blocks_editor_width":"","advgb_blocks_columns_visual_guide":"","footnotes":""},"class_list":["post-4031","page","type-page","status-publish","hentry"],"featured_image_src":null,"yoast_head":"<!-- This site is optimized with the Yoast SEO plugin v27.2 - https:\/\/yoast.com\/product\/yoast-seo-wordpress\/ -->\n<title>Sonderzug nach Halle - Fangemeinschaft Preu\u00dfen M\u00fcnster e. V.<\/title>\n<meta name=\"robots\" content=\"index, follow, max-snippet:-1, max-image-preview:large, max-video-preview:-1\" \/>\n<link rel=\"canonical\" href=\"https:\/\/www.fanprojekt-muenster.de\/wordpress\/auswaertsspiele\/sonderzug-nach-halle\/\" \/>\n<meta property=\"og:locale\" content=\"de_DE\" \/>\n<meta property=\"og:type\" content=\"article\" \/>\n<meta property=\"og:title\" content=\"Sonderzug nach Halle - Fangemeinschaft Preu\u00dfen M\u00fcnster e. V.\" \/>\n<meta property=\"og:description\" content=\"Auf dieser Seite findest du alle ver\u00f6ffentlichten Informationen zu dem Sonderzug nach Halle. Artikel &#8211; Alle nach Halle mit eigenem Fan-Zug\u00a0(21.02.15) &#8211; Update No. 1 &#8211; Sonderzug nach Halle\u00a0(04.03.15) &#8211;... Read more &raquo;\" \/>\n<meta property=\"og:url\" content=\"https:\/\/www.fanprojekt-muenster.de\/wordpress\/auswaertsspiele\/sonderzug-nach-halle\/\" \/>\n<meta property=\"og:site_name\" content=\"Fangemeinschaft Preu\u00dfen M\u00fcnster e. V.\" \/>\n<meta property=\"og:image\" content=\"http:\/\/www.fanprojekt-muenster.de\/wp\/wp-content\/uploads\/2015\/02\/Unbenannt1-208x300.png\" \/>\n<meta name=\"twitter:card\" content=\"summary_large_image\" \/>\n<script type=\"application\/ld+json\" class=\"yoast-schema-graph\">{\"@context\":\"https:\/\/schema.org\",\"@graph\":[{\"@type\":\"WebPage\",\"@id\":\"https:\/\/www.fanprojekt-muenster.de\/wordpress\/auswaertsspiele\/sonderzug-nach-halle\/\",\"url\":\"https:\/\/www.fanprojekt-muenster.de\/wordpress\/auswaertsspiele\/sonderzug-nach-halle\/\",\"name\":\"Sonderzug nach Halle - Fangemeinschaft Preu\u00dfen M\u00fcnster e. V.\",\"isPartOf\":{\"@id\":\"https:\/\/www.fanprojekt-muenster.de\/wordpress\/#website\"},\"primaryImageOfPage\":{\"@id\":\"https:\/\/www.fanprojekt-muenster.de\/wordpress\/auswaertsspiele\/sonderzug-nach-halle\/#primaryimage\"},\"image\":{\"@id\":\"https:\/\/www.fanprojekt-muenster.de\/wordpress\/auswaertsspiele\/sonderzug-nach-halle\/#primaryimage\"},\"thumbnailUrl\":\"http:\/\/www.fanprojekt-muenster.de\/wp\/wp-content\/uploads\/2015\/02\/Unbenannt1-208x300.png\",\"datePublished\":\"2015-02-21T14:50:27+00:00\",\"breadcrumb\":{\"@id\":\"https:\/\/www.fanprojekt-muenster.de\/wordpress\/auswaertsspiele\/sonderzug-nach-halle\/#breadcrumb\"},\"inLanguage\":\"de\",\"potentialAction\":[{\"@type\":\"ReadAction\",\"target\":[\"https:\/\/www.fanprojekt-muenster.de\/wordpress\/auswaertsspiele\/sonderzug-nach-halle\/\"]}]},{\"@type\":\"ImageObject\",\"inLanguage\":\"de\",\"@id\":\"https:\/\/www.fanprojekt-muenster.de\/wordpress\/auswaertsspiele\/sonderzug-nach-halle\/#primaryimage\",\"url\":\"http:\/\/www.fanprojekt-muenster.de\/wp\/wp-content\/uploads\/2015\/02\/Unbenannt1-208x300.png\",\"contentUrl\":\"http:\/\/www.fanprojekt-muenster.de\/wp\/wp-content\/uploads\/2015\/02\/Unbenannt1-208x300.png\"},{\"@type\":\"BreadcrumbList\",\"@id\":\"https:\/\/www.fanprojekt-muenster.de\/wordpress\/auswaertsspiele\/sonderzug-nach-halle\/#breadcrumb\",\"itemListElement\":[{\"@type\":\"ListItem\",\"position\":1,\"name\":\"Startseite\",\"item\":\"https:\/\/www.fanprojekt-muenster.de\/wordpress\/\"},{\"@type\":\"ListItem\",\"position\":2,\"name\":\"Ausw\u00e4rtsspiele\",\"item\":\"https:\/\/www.fanprojekt-muenster.de\/wordpress\/auswaertsspiele\/\"},{\"@type\":\"ListItem\",\"position\":3,\"name\":\"Sonderzug nach Halle\"}]},{\"@type\":\"WebSite\",\"@id\":\"https:\/\/www.fanprojekt-muenster.de\/wordpress\/#website\",\"url\":\"https:\/\/www.fanprojekt-muenster.de\/wordpress\/\",\"name\":\"Fangemeinschaft Preu\u00dfen M\u00fcnster e. V.\",\"description\":\"\",\"publisher\":{\"@id\":\"https:\/\/www.fanprojekt-muenster.de\/wordpress\/#organization\"},\"potentialAction\":[{\"@type\":\"SearchAction\",\"target\":{\"@type\":\"EntryPoint\",\"urlTemplate\":\"https:\/\/www.fanprojekt-muenster.de\/wordpress\/?s={search_term_string}\"},\"query-input\":{\"@type\":\"PropertyValueSpecification\",\"valueRequired\":true,\"valueName\":\"search_term_string\"}}],\"inLanguage\":\"de\"},{\"@type\":\"Organization\",\"@id\":\"https:\/\/www.fanprojekt-muenster.de\/wordpress\/#organization\",\"name\":\"Fangemeinschaft Preu\u00dfen M\u00fcnster e. V.\",\"url\":\"https:\/\/www.fanprojekt-muenster.de\/wordpress\/\",\"logo\":{\"@type\":\"ImageObject\",\"inLanguage\":\"de\",\"@id\":\"https:\/\/www.fanprojekt-muenster.de\/wordpress\/#\/schema\/logo\/image\/\",\"url\":\"https:\/\/www.fanprojekt-muenster.de\/wordpress\/wp-content\/uploads\/2019\/07\/cropped-Website_Logo3-9.png\",\"contentUrl\":\"https:\/\/www.fanprojekt-muenster.de\/wordpress\/wp-content\/uploads\/2019\/07\/cropped-Website_Logo3-9.png\",\"width\":224,\"height\":42,\"caption\":\"Fangemeinschaft Preu\u00dfen M\u00fcnster e. V.\"},\"image\":{\"@id\":\"https:\/\/www.fanprojekt-muenster.de\/wordpress\/#\/schema\/logo\/image\/\"}}]}<\/script>\n<!-- \/ Yoast SEO plugin. -->","yoast_head_json":{"title":"Sonderzug nach Halle - Fangemeinschaft Preu\u00dfen M\u00fcnster e. V.","robots":{"index":"index","follow":"follow","max-snippet":"max-snippet:-1","max-image-preview":"max-image-preview:large","max-video-preview":"max-video-preview:-1"},"canonical":"https:\/\/www.fanprojekt-muenster.de\/wordpress\/auswaertsspiele\/sonderzug-nach-halle\/","og_locale":"de_DE","og_type":"article","og_title":"Sonderzug nach Halle - Fangemeinschaft Preu\u00dfen M\u00fcnster e. V.","og_description":"Auf dieser Seite findest du alle ver\u00f6ffentlichten Informationen zu dem Sonderzug nach Halle. Artikel &#8211; Alle nach Halle mit eigenem Fan-Zug\u00a0(21.02.15) &#8211; Update No. 1 &#8211; Sonderzug nach Halle\u00a0(04.03.15) &#8211;... Read more &raquo;","og_url":"https:\/\/www.fanprojekt-muenster.de\/wordpress\/auswaertsspiele\/sonderzug-nach-halle\/","og_site_name":"Fangemeinschaft Preu\u00dfen M\u00fcnster e. V.","og_image":[{"url":"http:\/\/www.fanprojekt-muenster.de\/wp\/wp-content\/uploads\/2015\/02\/Unbenannt1-208x300.png","type":"","width":"","height":""}],"twitter_card":"summary_large_image","schema":{"@context":"https:\/\/schema.org","@graph":[{"@type":"WebPage","@id":"https:\/\/www.fanprojekt-muenster.de\/wordpress\/auswaertsspiele\/sonderzug-nach-halle\/","url":"https:\/\/www.fanprojekt-muenster.de\/wordpress\/auswaertsspiele\/sonderzug-nach-halle\/","name":"Sonderzug nach Halle - Fangemeinschaft Preu\u00dfen M\u00fcnster e. V.","isPartOf":{"@id":"https:\/\/www.fanprojekt-muenster.de\/wordpress\/#website"},"primaryImageOfPage":{"@id":"https:\/\/www.fanprojekt-muenster.de\/wordpress\/auswaertsspiele\/sonderzug-nach-halle\/#primaryimage"},"image":{"@id":"https:\/\/www.fanprojekt-muenster.de\/wordpress\/auswaertsspiele\/sonderzug-nach-halle\/#primaryimage"},"thumbnailUrl":"http:\/\/www.fanprojekt-muenster.de\/wp\/wp-content\/uploads\/2015\/02\/Unbenannt1-208x300.png","datePublished":"2015-02-21T14:50:27+00:00","breadcrumb":{"@id":"https:\/\/www.fanprojekt-muenster.de\/wordpress\/auswaertsspiele\/sonderzug-nach-halle\/#breadcrumb"},"inLanguage":"de","potentialAction":[{"@type":"ReadAction","target":["https:\/\/www.fanprojekt-muenster.de\/wordpress\/auswaertsspiele\/sonderzug-nach-halle\/"]}]},{"@type":"ImageObject","inLanguage":"de","@id":"https:\/\/www.fanprojekt-muenster.de\/wordpress\/auswaertsspiele\/sonderzug-nach-halle\/#primaryimage","url":"http:\/\/www.fanprojekt-muenster.de\/wp\/wp-content\/uploads\/2015\/02\/Unbenannt1-208x300.png","contentUrl":"http:\/\/www.fanprojekt-muenster.de\/wp\/wp-content\/uploads\/2015\/02\/Unbenannt1-208x300.png"},{"@type":"BreadcrumbList","@id":"https:\/\/www.fanprojekt-muenster.de\/wordpress\/auswaertsspiele\/sonderzug-nach-halle\/#breadcrumb","itemListElement":[{"@type":"ListItem","position":1,"name":"Startseite","item":"https:\/\/www.fanprojekt-muenster.de\/wordpress\/"},{"@type":"ListItem","position":2,"name":"Ausw\u00e4rtsspiele","item":"https:\/\/www.fanprojekt-muenster.de\/wordpress\/auswaertsspiele\/"},{"@type":"ListItem","position":3,"name":"Sonderzug nach Halle"}]},{"@type":"WebSite","@id":"https:\/\/www.fanprojekt-muenster.de\/wordpress\/#website","url":"https:\/\/www.fanprojekt-muenster.de\/wordpress\/","name":"Fangemeinschaft Preu\u00dfen M\u00fcnster e. V.","description":"","publisher":{"@id":"https:\/\/www.fanprojekt-muenster.de\/wordpress\/#organization"},"potentialAction":[{"@type":"SearchAction","target":{"@type":"EntryPoint","urlTemplate":"https:\/\/www.fanprojekt-muenster.de\/wordpress\/?s={search_term_string}"},"query-input":{"@type":"PropertyValueSpecification","valueRequired":true,"valueName":"search_term_string"}}],"inLanguage":"de"},{"@type":"Organization","@id":"https:\/\/www.fanprojekt-muenster.de\/wordpress\/#organization","name":"Fangemeinschaft Preu\u00dfen M\u00fcnster e. V.","url":"https:\/\/www.fanprojekt-muenster.de\/wordpress\/","logo":{"@type":"ImageObject","inLanguage":"de","@id":"https:\/\/www.fanprojekt-muenster.de\/wordpress\/#\/schema\/logo\/image\/","url":"https:\/\/www.fanprojekt-muenster.de\/wordpress\/wp-content\/uploads\/2019\/07\/cropped-Website_Logo3-9.png","contentUrl":"https:\/\/www.fanprojekt-muenster.de\/wordpress\/wp-content\/uploads\/2019\/07\/cropped-Website_Logo3-9.png","width":224,"height":42,"caption":"Fangemeinschaft Preu\u00dfen M\u00fcnster e. V."},"image":{"@id":"https:\/\/www.fanprojekt-muenster.de\/wordpress\/#\/schema\/logo\/image\/"}}]}},"coauthors":[],"author_meta":{"author_link":"https:\/\/www.fanprojekt-muenster.de\/wordpress\/author\/fp_superadmin\/","display_name":"fp_superadmin"},"relative_dates":{"created":"Posted 11\u00a0Jahren ago","modified":"Updated 11\u00a0Jahren ago"},"absolute_dates":{"created":"Posted on 21. Februar 2015","modified":"Updated on 21. Februar 2015"},"absolute_dates_time":{"created":"Posted on 21. Februar 2015 16:50","modified":"Updated on 21. Februar 2015 16:50"},"featured_img_caption":"","featured_img":false,"series_order":"","_links":{"self":[{"href":"https:\/\/www.fanprojekt-muenster.de\/wordpress\/wp-json\/wp\/v2\/pages\/4031","targetHints":{"allow":["GET"]}}],"collection":[{"href":"https:\/\/www.fanprojekt-muenster.de\/wordpress\/wp-json\/wp\/v2\/pages"}],"about":[{"href":"https:\/\/www.fanprojekt-muenster.de\/wordpress\/wp-json\/wp\/v2\/types\/page"}],"author":[{"embeddable":true,"href":"https:\/\/www.fanprojekt-muenster.de\/wordpress\/wp-json\/wp\/v2\/users\/2"}],"replies":[{"embeddable":true,"href":"https:\/\/www.fanprojekt-muenster.de\/wordpress\/wp-json\/wp\/v2\/comments?post=4031"}],"version-history":[{"count":0,"href":"https:\/\/www.fanprojekt-muenster.de\/wordpress\/wp-json\/wp\/v2\/pages\/4031\/revisions"}],"up":[{"embeddable":true,"href":"https:\/\/www.fanprojekt-muenster.de\/wordpress\/wp-json\/wp\/v2\/pages\/4896"}],"wp:attachment":[{"href":"https:\/\/www.fanprojekt-muenster.de\/wordpress\/wp-json\/wp\/v2\/media?parent=4031"}],"curies":[{"name":"wp","href":"https:\/\/api.w.org\/{rel}","templated":true}]}}