{"id":3580,"date":"2014-11-20T15:40:48","date_gmt":"2014-11-20T13:40:48","guid":{"rendered":"http:\/\/www.fanprojekt-muenster.de\/wp\/?page_id=3580"},"modified":"2023-10-26T12:20:54","modified_gmt":"2023-10-26T10:20:54","slug":"mitgliedsantrag","status":"publish","type":"page","link":"https:\/\/www.fanprojekt-muenster.de\/wordpress\/kontakt\/formulare\/mitgliedsantrag\/","title":{"rendered":"Mitgliedsantrag"},"content":{"rendered":"<style id=\"wpforms-css-vars-7021\">\n\t\t\t\t#wpforms-7021 {\n\t\t\t\t--wpforms-container-padding: 0px;\n--wpforms-container-border-width: 1px;\n--wpforms-container-border-radius: 3px;\n--wpforms-background-color: rgba(0, 0, 0, 0);\n--wpforms-field-size-input-height: 43px;\n--wpforms-field-size-input-spacing: 15px;\n--wpforms-field-size-font-size: 16px;\n--wpforms-field-size-line-height: 19px;\n--wpforms-field-size-padding-h: 14px;\n--wpforms-field-size-checkbox-size: 16px;\n--wpforms-field-size-sublabel-spacing: 5px;\n--wpforms-field-size-icon-size: 1;\n--wpforms-label-size-font-size: 16px;\n--wpforms-label-size-line-height: 19px;\n--wpforms-label-size-sublabel-font-size: 14px;\n--wpforms-label-size-sublabel-line-height: 17px;\n--wpforms-button-size-font-size: 17px;\n--wpforms-button-size-height: 41px;\n--wpforms-button-size-padding-h: 15px;\n--wpforms-button-size-margin-top: 10px;\n--wpforms-container-shadow-size-box-shadow: none;\n\t\t\t}\n\t\t\t<\/style><div class=\"wpforms-container wpforms-container-full wpforms-render-modern\" id=\"wpforms-7021\"><form id=\"wpforms-form-7021\" class=\"wpforms-validate wpforms-form\" data-formid=\"7021\" method=\"post\" enctype=\"multipart\/form-data\" action=\"\/wordpress\/wp-json\/wp\/v2\/pages\/3580\" data-token=\"f1c638e94bd9011119a8b3a5a91f9d73\" data-token-time=\"1777555455\"><noscript class=\"wpforms-error-noscript\">Bitte aktiviere JavaScript in deinem Browser, um dieses Formular fertigzustellen.<\/noscript><div id=\"wpforms-error-noscript\" style=\"display: none;\">Bitte aktiviere JavaScript in deinem Browser, um dieses Formular fertigzustellen.<\/div><div class=\"wpforms-field-container\"><div id=\"wpforms-7021-field_1-container\" class=\"wpforms-field wpforms-field-name\" data-field-id=\"1\"><fieldset><legend class=\"wpforms-field-label\">Name <span class=\"wpforms-required-label\" aria-hidden=\"true\">*<\/span><\/legend><div class=\"wpforms-field-row wpforms-field-medium\"><div class=\"wpforms-field-row-block wpforms-first wpforms-one-half\"><input type=\"text\" id=\"wpforms-7021-field_1\" class=\"wpforms-field-name-first wpforms-field-required\" name=\"wpforms[fields][1][first]\" aria-errormessage=\"wpforms-7021-field_1-error\" required><label for=\"wpforms-7021-field_1\" class=\"wpforms-field-sublabel after\">Vorname<\/label><\/div><div class=\"wpforms-field-row-block wpforms-one-half\"><input type=\"text\" id=\"wpforms-7021-field_1-last\" class=\"wpforms-field-name-last wpforms-field-required\" name=\"wpforms[fields][1][last]\" aria-errormessage=\"wpforms-7021-field_1-last-error\" required><label for=\"wpforms-7021-field_1-last\" class=\"wpforms-field-sublabel after\">Nachname<\/label><\/div><\/div><\/fieldset><\/div><div id=\"wpforms-7021-field_2-container\" class=\"wpforms-field wpforms-field-text\" data-field-id=\"2\"><label class=\"wpforms-field-label\" for=\"wpforms-7021-field_2\">Titel \/ Zusatz<\/label><input type=\"text\" id=\"wpforms-7021-field_2\" class=\"wpforms-field-medium\" name=\"wpforms[fields][2]\" aria-errormessage=\"wpforms-7021-field_2-error\" ><\/div><div id=\"wpforms-7021-field_3-container\" class=\"wpforms-field wpforms-field-text\" data-field-id=\"3\"><label class=\"wpforms-field-label\" for=\"wpforms-7021-field_3\">Geburtsdatum <span class=\"wpforms-required-label\" aria-hidden=\"true\">*<\/span><\/label><input type=\"text\" id=\"wpforms-7021-field_3\" class=\"wpforms-field-medium wpforms-field-required\" name=\"wpforms[fields][3]\" aria-errormessage=\"wpforms-7021-field_3-error\" required><\/div><div id=\"wpforms-7021-field_4-container\" class=\"wpforms-field wpforms-field-text\" data-field-id=\"4\"><label class=\"wpforms-field-label\" for=\"wpforms-7021-field_4\">Stra\u00dfe und Hausnummer <span class=\"wpforms-required-label\" aria-hidden=\"true\">*<\/span><\/label><input type=\"text\" id=\"wpforms-7021-field_4\" class=\"wpforms-field-medium wpforms-field-required\" name=\"wpforms[fields][4]\" aria-errormessage=\"wpforms-7021-field_4-error\" required><\/div><div id=\"wpforms-7021-field_5-container\" class=\"wpforms-field wpforms-field-text\" data-field-id=\"5\"><label class=\"wpforms-field-label\" for=\"wpforms-7021-field_5\">Postleitzahl und Ort <span class=\"wpforms-required-label\" aria-hidden=\"true\">*<\/span><\/label><input type=\"text\" id=\"wpforms-7021-field_5\" class=\"wpforms-field-medium wpforms-field-required\" name=\"wpforms[fields][5]\" aria-errormessage=\"wpforms-7021-field_5-error\" required><\/div><div id=\"wpforms-7021-field_6-container\" class=\"wpforms-field wpforms-field-text\" data-field-id=\"6\"><label class=\"wpforms-field-label\" for=\"wpforms-7021-field_6\">Telefonnummer<\/label><input type=\"text\" id=\"wpforms-7021-field_6\" class=\"wpforms-field-medium\" name=\"wpforms[fields][6]\" aria-errormessage=\"wpforms-7021-field_6-error\" ><\/div><div id=\"wpforms-7021-field_7-container\" class=\"wpforms-field wpforms-field-email\" data-field-id=\"7\"><label class=\"wpforms-field-label\" for=\"wpforms-7021-field_7\">E-Mail <span class=\"wpforms-required-label\" aria-hidden=\"true\">*<\/span><\/label><input type=\"email\" id=\"wpforms-7021-field_7\" class=\"wpforms-field-medium wpforms-field-required\" name=\"wpforms[fields][7]\" spellcheck=\"false\" aria-errormessage=\"wpforms-7021-field_7-error\" required><\/div><div id=\"wpforms-7021-field_16-container\" class=\"wpforms-field wpforms-field-select wpforms-field-select-style-classic\" data-field-id=\"16\"><label class=\"wpforms-field-label\" for=\"wpforms-7021-field_16\">Jahresbeitrag \/ Mitgliedsart <span class=\"wpforms-required-label\" aria-hidden=\"true\">*<\/span><\/label><select id=\"wpforms-7021-field_16\" class=\"wpforms-field-medium wpforms-field-required\" name=\"wpforms[fields][16]\" required=\"required\"><option value=\"Erwachsene (ab 18 Jahre): 12 \u20ac\"  class=\"choice-1 depth-1\"  >Erwachsene (ab 18 Jahre): 12 \u20ac<\/option><option value=\"Jugendliche (17-12 Jahre): 06 \u20ac\"  class=\"choice-2 depth-1\"  >Jugendliche (17-12 Jahre): 06 \u20ac<\/option><option value=\"Kinder (unter 12 Jahre): 0 \u20ac\"  class=\"choice-3 depth-1\"  >Kinder (unter 12 Jahre): 0 \u20ac<\/option><\/select><\/div><div id=\"wpforms-7021-field_18-container\" class=\"wpforms-field wpforms-field-text\" data-field-id=\"18\"><label class=\"wpforms-field-label\" for=\"wpforms-7021-field_18\">Kreditinstitut <span class=\"wpforms-required-label\" aria-hidden=\"true\">*<\/span><\/label><input type=\"text\" id=\"wpforms-7021-field_18\" class=\"wpforms-field-medium wpforms-field-required\" name=\"wpforms[fields][18]\" aria-errormessage=\"wpforms-7021-field_18-error\" required><\/div><div id=\"wpforms-7021-field_19-container\" class=\"wpforms-field wpforms-field-text\" data-field-id=\"19\"><label class=\"wpforms-field-label\" for=\"wpforms-7021-field_19\">IBAN <span class=\"wpforms-required-label\" aria-hidden=\"true\">*<\/span><\/label><input type=\"text\" id=\"wpforms-7021-field_19\" class=\"wpforms-field-medium wpforms-field-required\" name=\"wpforms[fields][19]\" aria-errormessage=\"wpforms-7021-field_19-error\" required><\/div><div id=\"wpforms-7021-field_20-container\" class=\"wpforms-field wpforms-field-text\" data-field-id=\"20\"><label class=\"wpforms-field-label\" for=\"wpforms-7021-field_20\">BIC <span class=\"wpforms-required-label\" aria-hidden=\"true\">*<\/span><\/label><input type=\"text\" id=\"wpforms-7021-field_20\" class=\"wpforms-field-medium wpforms-field-required\" name=\"wpforms[fields][20]\" aria-errormessage=\"wpforms-7021-field_20-error\" required><\/div><div id=\"wpforms-7021-field_22-container\" class=\"wpforms-field wpforms-field-textarea\" data-field-id=\"22\"><label class=\"wpforms-field-label\" for=\"wpforms-7021-field_22\">Name und Adresse des Kontoinhabers falls Abweichend vom Antragssteller<\/label><textarea id=\"wpforms-7021-field_22\" class=\"wpforms-field-medium\" name=\"wpforms[fields][22]\" aria-errormessage=\"wpforms-7021-field_22-error\" ><\/textarea><\/div><div id=\"wpforms-7021-field_23-container\" class=\"wpforms-field wpforms-field-checkbox\" data-field-id=\"23\"><fieldset><legend class=\"wpforms-field-label wpforms-label-hide\" aria-hidden=\"false\">Checkboxen <span class=\"wpforms-required-label\" aria-hidden=\"true\">*<\/span><\/legend><ul id=\"wpforms-7021-field_23\" class=\"wpforms-field-required\"><li class=\"choice-1 depth-1\"><input type=\"checkbox\" id=\"wpforms-7021-field_23_1\" name=\"wpforms[fields][23][]\" value=\"Hiermit best\u00e4tige ich die Richtigkeit der angegebenen Daten und beantrage die Mitgliedschaft im Fanprojekt Preu\u00dfen M\u00fcnster e.V.\" aria-errormessage=\"wpforms-7021-field_23_1-error\" required ><label class=\"wpforms-field-label-inline\" for=\"wpforms-7021-field_23_1\">Hiermit best\u00e4tige ich die Richtigkeit der angegebenen Daten und beantrage die Mitgliedschaft im Fanprojekt Preu\u00dfen M\u00fcnster e.V.<\/label><\/li><\/ul><\/fieldset><\/div><\/div><!-- .wpforms-field-container --><div class=\"wpforms-field wpforms-field-hp\"><label for=\"wpforms-7021-field-hp\" class=\"wpforms-field-label\">Message<\/label><input type=\"text\" name=\"wpforms[hp]\" id=\"wpforms-7021-field-hp\" class=\"wpforms-field-medium\"><\/div><div class=\"wpforms-recaptcha-container wpforms-is-recaptcha wpforms-is-recaptcha-type-v2\" ><div class=\"g-recaptcha\" data-sitekey=\"6Le4ttwUAAAAACBZv2R27a9hkf4KCoglSDtdjA8b\"><\/div><input type=\"text\" name=\"g-recaptcha-hidden\" class=\"wpforms-recaptcha-hidden\" style=\"position:absolute!important;clip:rect(0,0,0,0)!important;height:1px!important;width:1px!important;border:0!important;overflow:hidden!important;padding:0!important;margin:0!important;\" data-rule-recaptcha=\"1\"><\/div><div class=\"wpforms-submit-container\" ><input type=\"hidden\" name=\"wpforms[id]\" value=\"7021\"><input type=\"hidden\" name=\"page_title\" value=\"\"><input type=\"hidden\" name=\"page_url\" value=\"https:\/\/www.fanprojekt-muenster.de\/wordpress\/wp-json\/wp\/v2\/pages\/3580\"><input type=\"hidden\" name=\"url_referer\" value=\"\"><button type=\"submit\" name=\"wpforms[submit]\" id=\"wpforms-submit-7021\" class=\"wpforms-submit\" data-alt-text=\"Senden...\" data-submit-text=\"Absenden\" aria-live=\"assertive\" value=\"wpforms-submit\">Absenden<\/button><\/div><\/form><\/div>  <!-- .wpforms-container -->\n\n\n\n<p class=\"has-huge-font-size\"><strong>Hinweise:<\/strong><\/p>\n\n\n\n<p>Sie erteilen dem Fanprojekt Preu\u00dfen M\u00fcnster e.V. (Gl\u00e4ubiger- Identifikationsnummer: DE 61 SCP 000 014 35635) ein SEPA-Lastschriftmandat  (Mandatsreferenz entspricht der Mitgliedsnummer) f\u00fcr wiederkehrende  Zahlungen, die j\u00e4hrlich abgebucht werden.<\/p>\n\n\n\n<p>Die H\u00f6he der Mitgliedsbeitr\u00e4ge ist jeweils f\u00fcr ein Gesch\u00e4ftsjahr angegeben (betr\u00e4gt also z.B. f\u00fcr Erwachsene 1\u20ac pro Monat, Abbuchung ergolgt aber jahresweise). Der \u00dcbergang zwischen den Altersstufen erfolgt automatisch anhand des Geburtsdatums.<\/p>\n","protected":false},"excerpt":{"rendered":"<p>Hinweise: Sie erteilen dem Fanprojekt Preu\u00dfen M\u00fcnster e.V. (Gl\u00e4ubiger- Identifikationsnummer: DE 61 SCP 000 014 35635) ein SEPA-Lastschriftmandat (Mandatsreferenz entspricht der Mitgliedsnummer) f\u00fcr wiederkehrende Zahlungen, die j\u00e4hrlich abgebucht werden. Die&#8230; <a class=\"read-more-link\" href=\"https:\/\/www.fanprojekt-muenster.de\/wordpress\/kontakt\/formulare\/mitgliedsantrag\/\">Read more &raquo;<\/a><\/p>\n","protected":false},"author":2,"featured_media":0,"parent":3431,"menu_order":0,"comment_status":"closed","ping_status":"closed","template":"","meta":{"advgb_blocks_editor_width":"","advgb_blocks_columns_visual_guide":"","footnotes":""},"class_list":["post-3580","page","type-page","status-publish","hentry"],"featured_image_src":null,"yoast_head":"<!-- This site is optimized with the Yoast SEO plugin v27.2 - https:\/\/yoast.com\/product\/yoast-seo-wordpress\/ -->\n<title>Mitgliedsantrag - Fangemeinschaft Preu\u00dfen M\u00fcnster e. V.<\/title>\n<meta name=\"robots\" content=\"index, follow, max-snippet:-1, max-image-preview:large, max-video-preview:-1\" \/>\n<link rel=\"canonical\" href=\"https:\/\/www.fanprojekt-muenster.de\/wordpress\/kontakt\/formulare\/mitgliedsantrag\/\" \/>\n<meta property=\"og:locale\" content=\"de_DE\" \/>\n<meta property=\"og:type\" content=\"article\" \/>\n<meta property=\"og:title\" content=\"Mitgliedsantrag - Fangemeinschaft Preu\u00dfen M\u00fcnster e. V.\" \/>\n<meta property=\"og:description\" content=\"Hinweise: Sie erteilen dem Fanprojekt Preu\u00dfen M\u00fcnster e.V. (Gl\u00e4ubiger- Identifikationsnummer: DE 61 SCP 000 014 35635) ein SEPA-Lastschriftmandat (Mandatsreferenz entspricht der Mitgliedsnummer) f\u00fcr wiederkehrende Zahlungen, die j\u00e4hrlich abgebucht werden. Die... Read more &raquo;\" \/>\n<meta property=\"og:url\" content=\"https:\/\/www.fanprojekt-muenster.de\/wordpress\/kontakt\/formulare\/mitgliedsantrag\/\" \/>\n<meta property=\"og:site_name\" content=\"Fangemeinschaft Preu\u00dfen M\u00fcnster e. V.\" \/>\n<meta property=\"article:modified_time\" content=\"2023-10-26T10:20:54+00:00\" \/>\n<meta name=\"twitter:card\" content=\"summary_large_image\" \/>\n<meta name=\"twitter:label1\" content=\"Gesch\u00e4tzte Lesezeit\" \/>\n\t<meta name=\"twitter:data1\" content=\"1\u00a0Minute\" \/>\n<script type=\"application\/ld+json\" class=\"yoast-schema-graph\">{\"@context\":\"https:\/\/schema.org\",\"@graph\":[{\"@type\":\"WebPage\",\"@id\":\"https:\/\/www.fanprojekt-muenster.de\/wordpress\/kontakt\/formulare\/mitgliedsantrag\/\",\"url\":\"https:\/\/www.fanprojekt-muenster.de\/wordpress\/kontakt\/formulare\/mitgliedsantrag\/\",\"name\":\"Mitgliedsantrag - Fangemeinschaft Preu\u00dfen M\u00fcnster e. V.\",\"isPartOf\":{\"@id\":\"https:\/\/www.fanprojekt-muenster.de\/wordpress\/#website\"},\"datePublished\":\"2014-11-20T13:40:48+00:00\",\"dateModified\":\"2023-10-26T10:20:54+00:00\",\"breadcrumb\":{\"@id\":\"https:\/\/www.fanprojekt-muenster.de\/wordpress\/kontakt\/formulare\/mitgliedsantrag\/#breadcrumb\"},\"inLanguage\":\"de\",\"potentialAction\":[{\"@type\":\"ReadAction\",\"target\":[\"https:\/\/www.fanprojekt-muenster.de\/wordpress\/kontakt\/formulare\/mitgliedsantrag\/\"]}]},{\"@type\":\"BreadcrumbList\",\"@id\":\"https:\/\/www.fanprojekt-muenster.de\/wordpress\/kontakt\/formulare\/mitgliedsantrag\/#breadcrumb\",\"itemListElement\":[{\"@type\":\"ListItem\",\"position\":1,\"name\":\"Startseite\",\"item\":\"https:\/\/www.fanprojekt-muenster.de\/wordpress\/\"},{\"@type\":\"ListItem\",\"position\":2,\"name\":\"Kontakt\",\"item\":\"https:\/\/www.fanprojekt-muenster.de\/wordpress\/kontakt\/\"},{\"@type\":\"ListItem\",\"position\":3,\"name\":\"Formulare\",\"item\":\"https:\/\/www.fanprojekt-muenster.de\/wordpress\/kontakt\/formulare\/\"},{\"@type\":\"ListItem\",\"position\":4,\"name\":\"Mitgliedsantrag\"}]},{\"@type\":\"WebSite\",\"@id\":\"https:\/\/www.fanprojekt-muenster.de\/wordpress\/#website\",\"url\":\"https:\/\/www.fanprojekt-muenster.de\/wordpress\/\",\"name\":\"Fangemeinschaft Preu\u00dfen M\u00fcnster e. V.\",\"description\":\"\",\"publisher\":{\"@id\":\"https:\/\/www.fanprojekt-muenster.de\/wordpress\/#organization\"},\"potentialAction\":[{\"@type\":\"SearchAction\",\"target\":{\"@type\":\"EntryPoint\",\"urlTemplate\":\"https:\/\/www.fanprojekt-muenster.de\/wordpress\/?s={search_term_string}\"},\"query-input\":{\"@type\":\"PropertyValueSpecification\",\"valueRequired\":true,\"valueName\":\"search_term_string\"}}],\"inLanguage\":\"de\"},{\"@type\":\"Organization\",\"@id\":\"https:\/\/www.fanprojekt-muenster.de\/wordpress\/#organization\",\"name\":\"Fangemeinschaft Preu\u00dfen M\u00fcnster e. V.\",\"url\":\"https:\/\/www.fanprojekt-muenster.de\/wordpress\/\",\"logo\":{\"@type\":\"ImageObject\",\"inLanguage\":\"de\",\"@id\":\"https:\/\/www.fanprojekt-muenster.de\/wordpress\/#\/schema\/logo\/image\/\",\"url\":\"https:\/\/www.fanprojekt-muenster.de\/wordpress\/wp-content\/uploads\/2019\/07\/cropped-Website_Logo3-9.png\",\"contentUrl\":\"https:\/\/www.fanprojekt-muenster.de\/wordpress\/wp-content\/uploads\/2019\/07\/cropped-Website_Logo3-9.png\",\"width\":224,\"height\":42,\"caption\":\"Fangemeinschaft Preu\u00dfen M\u00fcnster e. V.\"},\"image\":{\"@id\":\"https:\/\/www.fanprojekt-muenster.de\/wordpress\/#\/schema\/logo\/image\/\"}}]}<\/script>\n<!-- \/ Yoast SEO plugin. -->","yoast_head_json":{"title":"Mitgliedsantrag - Fangemeinschaft Preu\u00dfen M\u00fcnster e. V.","robots":{"index":"index","follow":"follow","max-snippet":"max-snippet:-1","max-image-preview":"max-image-preview:large","max-video-preview":"max-video-preview:-1"},"canonical":"https:\/\/www.fanprojekt-muenster.de\/wordpress\/kontakt\/formulare\/mitgliedsantrag\/","og_locale":"de_DE","og_type":"article","og_title":"Mitgliedsantrag - Fangemeinschaft Preu\u00dfen M\u00fcnster e. V.","og_description":"Hinweise: Sie erteilen dem Fanprojekt Preu\u00dfen M\u00fcnster e.V. (Gl\u00e4ubiger- Identifikationsnummer: DE 61 SCP 000 014 35635) ein SEPA-Lastschriftmandat (Mandatsreferenz entspricht der Mitgliedsnummer) f\u00fcr wiederkehrende Zahlungen, die j\u00e4hrlich abgebucht werden. Die... Read more &raquo;","og_url":"https:\/\/www.fanprojekt-muenster.de\/wordpress\/kontakt\/formulare\/mitgliedsantrag\/","og_site_name":"Fangemeinschaft Preu\u00dfen M\u00fcnster e. V.","article_modified_time":"2023-10-26T10:20:54+00:00","twitter_card":"summary_large_image","twitter_misc":{"Gesch\u00e4tzte Lesezeit":"1\u00a0Minute"},"schema":{"@context":"https:\/\/schema.org","@graph":[{"@type":"WebPage","@id":"https:\/\/www.fanprojekt-muenster.de\/wordpress\/kontakt\/formulare\/mitgliedsantrag\/","url":"https:\/\/www.fanprojekt-muenster.de\/wordpress\/kontakt\/formulare\/mitgliedsantrag\/","name":"Mitgliedsantrag - Fangemeinschaft Preu\u00dfen M\u00fcnster e. V.","isPartOf":{"@id":"https:\/\/www.fanprojekt-muenster.de\/wordpress\/#website"},"datePublished":"2014-11-20T13:40:48+00:00","dateModified":"2023-10-26T10:20:54+00:00","breadcrumb":{"@id":"https:\/\/www.fanprojekt-muenster.de\/wordpress\/kontakt\/formulare\/mitgliedsantrag\/#breadcrumb"},"inLanguage":"de","potentialAction":[{"@type":"ReadAction","target":["https:\/\/www.fanprojekt-muenster.de\/wordpress\/kontakt\/formulare\/mitgliedsantrag\/"]}]},{"@type":"BreadcrumbList","@id":"https:\/\/www.fanprojekt-muenster.de\/wordpress\/kontakt\/formulare\/mitgliedsantrag\/#breadcrumb","itemListElement":[{"@type":"ListItem","position":1,"name":"Startseite","item":"https:\/\/www.fanprojekt-muenster.de\/wordpress\/"},{"@type":"ListItem","position":2,"name":"Kontakt","item":"https:\/\/www.fanprojekt-muenster.de\/wordpress\/kontakt\/"},{"@type":"ListItem","position":3,"name":"Formulare","item":"https:\/\/www.fanprojekt-muenster.de\/wordpress\/kontakt\/formulare\/"},{"@type":"ListItem","position":4,"name":"Mitgliedsantrag"}]},{"@type":"WebSite","@id":"https:\/\/www.fanprojekt-muenster.de\/wordpress\/#website","url":"https:\/\/www.fanprojekt-muenster.de\/wordpress\/","name":"Fangemeinschaft Preu\u00dfen M\u00fcnster e. V.","description":"","publisher":{"@id":"https:\/\/www.fanprojekt-muenster.de\/wordpress\/#organization"},"potentialAction":[{"@type":"SearchAction","target":{"@type":"EntryPoint","urlTemplate":"https:\/\/www.fanprojekt-muenster.de\/wordpress\/?s={search_term_string}"},"query-input":{"@type":"PropertyValueSpecification","valueRequired":true,"valueName":"search_term_string"}}],"inLanguage":"de"},{"@type":"Organization","@id":"https:\/\/www.fanprojekt-muenster.de\/wordpress\/#organization","name":"Fangemeinschaft Preu\u00dfen M\u00fcnster e. V.","url":"https:\/\/www.fanprojekt-muenster.de\/wordpress\/","logo":{"@type":"ImageObject","inLanguage":"de","@id":"https:\/\/www.fanprojekt-muenster.de\/wordpress\/#\/schema\/logo\/image\/","url":"https:\/\/www.fanprojekt-muenster.de\/wordpress\/wp-content\/uploads\/2019\/07\/cropped-Website_Logo3-9.png","contentUrl":"https:\/\/www.fanprojekt-muenster.de\/wordpress\/wp-content\/uploads\/2019\/07\/cropped-Website_Logo3-9.png","width":224,"height":42,"caption":"Fangemeinschaft Preu\u00dfen M\u00fcnster e. V."},"image":{"@id":"https:\/\/www.fanprojekt-muenster.de\/wordpress\/#\/schema\/logo\/image\/"}}]}},"coauthors":[],"author_meta":{"author_link":"https:\/\/www.fanprojekt-muenster.de\/wordpress\/author\/fp_superadmin\/","display_name":"fp_superadmin"},"relative_dates":{"created":"Posted 11\u00a0Jahren ago","modified":"Updated 3\u00a0Jahren ago"},"absolute_dates":{"created":"Posted on 20. November 2014","modified":"Updated on 26. Oktober 2023"},"absolute_dates_time":{"created":"Posted on 20. November 2014 15:40","modified":"Updated on 26. Oktober 2023 12:20"},"featured_img_caption":"","featured_img":false,"series_order":"","_links":{"self":[{"href":"https:\/\/www.fanprojekt-muenster.de\/wordpress\/wp-json\/wp\/v2\/pages\/3580","targetHints":{"allow":["GET"]}}],"collection":[{"href":"https:\/\/www.fanprojekt-muenster.de\/wordpress\/wp-json\/wp\/v2\/pages"}],"about":[{"href":"https:\/\/www.fanprojekt-muenster.de\/wordpress\/wp-json\/wp\/v2\/types\/page"}],"author":[{"embeddable":true,"href":"https:\/\/www.fanprojekt-muenster.de\/wordpress\/wp-json\/wp\/v2\/users\/2"}],"replies":[{"embeddable":true,"href":"https:\/\/www.fanprojekt-muenster.de\/wordpress\/wp-json\/wp\/v2\/comments?post=3580"}],"version-history":[{"count":9,"href":"https:\/\/www.fanprojekt-muenster.de\/wordpress\/wp-json\/wp\/v2\/pages\/3580\/revisions"}],"predecessor-version":[{"id":8946,"href":"https:\/\/www.fanprojekt-muenster.de\/wordpress\/wp-json\/wp\/v2\/pages\/3580\/revisions\/8946"}],"up":[{"embeddable":true,"href":"https:\/\/www.fanprojekt-muenster.de\/wordpress\/wp-json\/wp\/v2\/pages\/3431"}],"wp:attachment":[{"href":"https:\/\/www.fanprojekt-muenster.de\/wordpress\/wp-json\/wp\/v2\/media?parent=3580"}],"curies":[{"name":"wp","href":"https:\/\/api.w.org\/{rel}","templated":true}]}}