{"id":3431,"date":"2014-11-19T15:19:32","date_gmt":"2014-11-19T13:19:32","guid":{"rendered":"http:\/\/www.fanprojekt-muenster.de\/wp\/?page_id=3431"},"modified":"2020-01-13T13:55:45","modified_gmt":"2020-01-13T12:55:45","slug":"formulare","status":"publish","type":"page","link":"https:\/\/www.fanprojekt-muenster.de\/wordpress\/kontakt\/formulare\/","title":{"rendered":"Formulare"},"content":{"rendered":"<h2>Mitglied werden? Mitglieder- und Bankdaten aktualisieren?<\/h2>\n<p><strong>Hier findet ihr das passende Formular!<\/strong><\/p>\n<p>Auf dieser Seite findet ihr alle wichtigen Informationen wenn es sich um eure Mitgliedsantr\u00e4ge oder Mitgliedschaftsdaten dreht. Schaut euch einfach die aufgef\u00fchrte \u00dcbersicht an und w\u00e4hlt das passende Formular f\u00fcr eure Anfrage.<\/p>\n<p><span style=\"text-decoration: underline;\">Mitglied werden<\/span><\/p>\n<p>Ihr wollt Mitglied im Fanprojekt werden? Wir bieten euch daf\u00fcr Informationen zu verschiedenen Mitgliedsarten und ein Online-Anmeldeformular.<\/p>\n<p>=&gt; <a title=\"Mitglieder\" href=\"http:\/\/www.fanprojekt-muenster.de\/wp\/uber-uns\/mitglieder\/\">weitere Informationen<br \/><\/a>=&gt; <a title=\"Mitgliedsantrag\" href=\"http:\/\/www.fanprojekt-muenster.de\/wp\/kontakt\/formulare\/mitgliedsantrag\/\">zum Mitgliedsantrag<\/a><\/p>\n<p><span style=\"text-decoration: underline;\">Mitgliederdaten aktualisieren<\/span><\/p>\n<p>Ihr m\u00fcsst eine Adress-, bzw.\u00a0Kontakt\u00e4nderung einreichen oder wollt euren Mitgliedsstatus \u00e4ndern? Daf\u00fcr bieten wir euch ein Online-\u00c4nderungsformular.<\/p>\n<p>=&gt; <a title=\"Mitgliedsdaten aktualisieren\" href=\"http:\/\/www.fanprojekt-muenster.de\/wp\/kontakt\/formulare\/mitgliedsdaten-aktualisieren\/\">zum \u00c4nderungsformular<\/a><\/p>\n<p><span style=\"text-decoration: underline;\">Bankdaten aktualisieren<\/span><\/p>\n<p>Ihr m\u00fcsst eine Bankdaten\u00e4nderung oder einen neuen Kontoinhaber einreichen? Daf\u00fcr bieten wir euch ein Online-\u00c4nderungsformular.<\/p>\n<p>=&gt; <a title=\"Bankdaten aktualisieren\" href=\"http:\/\/www.fanprojekt-muenster.de\/wp\/kontakt\/formulare\/bankdaten-aktualisieren\/\">zum \u00c4nderungsformular<br \/><\/a>=&gt; <a href=\"http:\/\/www.fanprojekt-muenster.de\/wp\/wp-content\/uploads\/2014\/11\/SEPA-Lastschriftmandat.pdf\" target=\"_blank\" rel=\"noopener noreferrer\">zum SEPA-Lastschriftmandat<\/a><\/p>\n\n\n<p><\/p>\n","protected":false},"excerpt":{"rendered":"<p>Mitglied werden? Mitglieder- und Bankdaten aktualisieren? Hier findet ihr das passende Formular! Auf dieser Seite findet ihr alle wichtigen Informationen wenn es sich um eure Mitgliedsantr\u00e4ge oder Mitgliedschaftsdaten dreht. Schaut&#8230; <a class=\"read-more-link\" href=\"https:\/\/www.fanprojekt-muenster.de\/wordpress\/kontakt\/formulare\/\">Read more &raquo;<\/a><\/p>\n","protected":false},"author":2,"featured_media":0,"parent":375,"menu_order":1,"comment_status":"closed","ping_status":"closed","template":"","meta":{"advgb_blocks_editor_width":"","advgb_blocks_columns_visual_guide":"","footnotes":""},"class_list":["post-3431","page","type-page","status-publish","hentry"],"featured_image_src":null,"yoast_head":"<!-- This site is optimized with the Yoast SEO plugin v27.2 - https:\/\/yoast.com\/product\/yoast-seo-wordpress\/ -->\n<title>Formulare - Fangemeinschaft Preu\u00dfen M\u00fcnster e. V.<\/title>\n<meta name=\"robots\" content=\"index, follow, max-snippet:-1, max-image-preview:large, max-video-preview:-1\" \/>\n<link rel=\"canonical\" href=\"https:\/\/www.fanprojekt-muenster.de\/wordpress\/kontakt\/formulare\/\" \/>\n<meta property=\"og:locale\" content=\"de_DE\" \/>\n<meta property=\"og:type\" content=\"article\" \/>\n<meta property=\"og:title\" content=\"Formulare - Fangemeinschaft Preu\u00dfen M\u00fcnster e. V.\" \/>\n<meta property=\"og:description\" content=\"Mitglied werden? Mitglieder- und Bankdaten aktualisieren? Hier findet ihr das passende Formular! Auf dieser Seite findet ihr alle wichtigen Informationen wenn es sich um eure Mitgliedsantr\u00e4ge oder Mitgliedschaftsdaten dreht. Schaut... Read more &raquo;\" \/>\n<meta property=\"og:url\" content=\"https:\/\/www.fanprojekt-muenster.de\/wordpress\/kontakt\/formulare\/\" \/>\n<meta property=\"og:site_name\" content=\"Fangemeinschaft Preu\u00dfen M\u00fcnster e. V.\" \/>\n<meta property=\"article:modified_time\" content=\"2020-01-13T12:55:45+00:00\" \/>\n<meta name=\"twitter:card\" content=\"summary_large_image\" \/>\n<meta name=\"twitter:label1\" content=\"Gesch\u00e4tzte Lesezeit\" \/>\n\t<meta name=\"twitter:data1\" content=\"1\u00a0Minute\" \/>\n<script type=\"application\/ld+json\" class=\"yoast-schema-graph\">{\"@context\":\"https:\/\/schema.org\",\"@graph\":[{\"@type\":\"WebPage\",\"@id\":\"https:\/\/www.fanprojekt-muenster.de\/wordpress\/kontakt\/formulare\/\",\"url\":\"https:\/\/www.fanprojekt-muenster.de\/wordpress\/kontakt\/formulare\/\",\"name\":\"Formulare - Fangemeinschaft Preu\u00dfen M\u00fcnster e. V.\",\"isPartOf\":{\"@id\":\"https:\/\/www.fanprojekt-muenster.de\/wordpress\/#website\"},\"datePublished\":\"2014-11-19T13:19:32+00:00\",\"dateModified\":\"2020-01-13T12:55:45+00:00\",\"breadcrumb\":{\"@id\":\"https:\/\/www.fanprojekt-muenster.de\/wordpress\/kontakt\/formulare\/#breadcrumb\"},\"inLanguage\":\"de\",\"potentialAction\":[{\"@type\":\"ReadAction\",\"target\":[\"https:\/\/www.fanprojekt-muenster.de\/wordpress\/kontakt\/formulare\/\"]}]},{\"@type\":\"BreadcrumbList\",\"@id\":\"https:\/\/www.fanprojekt-muenster.de\/wordpress\/kontakt\/formulare\/#breadcrumb\",\"itemListElement\":[{\"@type\":\"ListItem\",\"position\":1,\"name\":\"Startseite\",\"item\":\"https:\/\/www.fanprojekt-muenster.de\/wordpress\/\"},{\"@type\":\"ListItem\",\"position\":2,\"name\":\"Kontakt\",\"item\":\"https:\/\/www.fanprojekt-muenster.de\/wordpress\/kontakt\/\"},{\"@type\":\"ListItem\",\"position\":3,\"name\":\"Formulare\"}]},{\"@type\":\"WebSite\",\"@id\":\"https:\/\/www.fanprojekt-muenster.de\/wordpress\/#website\",\"url\":\"https:\/\/www.fanprojekt-muenster.de\/wordpress\/\",\"name\":\"Fangemeinschaft Preu\u00dfen M\u00fcnster e. V.\",\"description\":\"\",\"publisher\":{\"@id\":\"https:\/\/www.fanprojekt-muenster.de\/wordpress\/#organization\"},\"potentialAction\":[{\"@type\":\"SearchAction\",\"target\":{\"@type\":\"EntryPoint\",\"urlTemplate\":\"https:\/\/www.fanprojekt-muenster.de\/wordpress\/?s={search_term_string}\"},\"query-input\":{\"@type\":\"PropertyValueSpecification\",\"valueRequired\":true,\"valueName\":\"search_term_string\"}}],\"inLanguage\":\"de\"},{\"@type\":\"Organization\",\"@id\":\"https:\/\/www.fanprojekt-muenster.de\/wordpress\/#organization\",\"name\":\"Fangemeinschaft Preu\u00dfen M\u00fcnster e. V.\",\"url\":\"https:\/\/www.fanprojekt-muenster.de\/wordpress\/\",\"logo\":{\"@type\":\"ImageObject\",\"inLanguage\":\"de\",\"@id\":\"https:\/\/www.fanprojekt-muenster.de\/wordpress\/#\/schema\/logo\/image\/\",\"url\":\"https:\/\/www.fanprojekt-muenster.de\/wordpress\/wp-content\/uploads\/2019\/07\/cropped-Website_Logo3-9.png\",\"contentUrl\":\"https:\/\/www.fanprojekt-muenster.de\/wordpress\/wp-content\/uploads\/2019\/07\/cropped-Website_Logo3-9.png\",\"width\":224,\"height\":42,\"caption\":\"Fangemeinschaft Preu\u00dfen M\u00fcnster e. V.\"},\"image\":{\"@id\":\"https:\/\/www.fanprojekt-muenster.de\/wordpress\/#\/schema\/logo\/image\/\"}}]}<\/script>\n<!-- \/ Yoast SEO plugin. -->","yoast_head_json":{"title":"Formulare - Fangemeinschaft Preu\u00dfen M\u00fcnster e. V.","robots":{"index":"index","follow":"follow","max-snippet":"max-snippet:-1","max-image-preview":"max-image-preview:large","max-video-preview":"max-video-preview:-1"},"canonical":"https:\/\/www.fanprojekt-muenster.de\/wordpress\/kontakt\/formulare\/","og_locale":"de_DE","og_type":"article","og_title":"Formulare - Fangemeinschaft Preu\u00dfen M\u00fcnster e. V.","og_description":"Mitglied werden? Mitglieder- und Bankdaten aktualisieren? Hier findet ihr das passende Formular! Auf dieser Seite findet ihr alle wichtigen Informationen wenn es sich um eure Mitgliedsantr\u00e4ge oder Mitgliedschaftsdaten dreht. Schaut... Read more &raquo;","og_url":"https:\/\/www.fanprojekt-muenster.de\/wordpress\/kontakt\/formulare\/","og_site_name":"Fangemeinschaft Preu\u00dfen M\u00fcnster e. V.","article_modified_time":"2020-01-13T12:55:45+00:00","twitter_card":"summary_large_image","twitter_misc":{"Gesch\u00e4tzte Lesezeit":"1\u00a0Minute"},"schema":{"@context":"https:\/\/schema.org","@graph":[{"@type":"WebPage","@id":"https:\/\/www.fanprojekt-muenster.de\/wordpress\/kontakt\/formulare\/","url":"https:\/\/www.fanprojekt-muenster.de\/wordpress\/kontakt\/formulare\/","name":"Formulare - Fangemeinschaft Preu\u00dfen M\u00fcnster e. V.","isPartOf":{"@id":"https:\/\/www.fanprojekt-muenster.de\/wordpress\/#website"},"datePublished":"2014-11-19T13:19:32+00:00","dateModified":"2020-01-13T12:55:45+00:00","breadcrumb":{"@id":"https:\/\/www.fanprojekt-muenster.de\/wordpress\/kontakt\/formulare\/#breadcrumb"},"inLanguage":"de","potentialAction":[{"@type":"ReadAction","target":["https:\/\/www.fanprojekt-muenster.de\/wordpress\/kontakt\/formulare\/"]}]},{"@type":"BreadcrumbList","@id":"https:\/\/www.fanprojekt-muenster.de\/wordpress\/kontakt\/formulare\/#breadcrumb","itemListElement":[{"@type":"ListItem","position":1,"name":"Startseite","item":"https:\/\/www.fanprojekt-muenster.de\/wordpress\/"},{"@type":"ListItem","position":2,"name":"Kontakt","item":"https:\/\/www.fanprojekt-muenster.de\/wordpress\/kontakt\/"},{"@type":"ListItem","position":3,"name":"Formulare"}]},{"@type":"WebSite","@id":"https:\/\/www.fanprojekt-muenster.de\/wordpress\/#website","url":"https:\/\/www.fanprojekt-muenster.de\/wordpress\/","name":"Fangemeinschaft Preu\u00dfen M\u00fcnster e. V.","description":"","publisher":{"@id":"https:\/\/www.fanprojekt-muenster.de\/wordpress\/#organization"},"potentialAction":[{"@type":"SearchAction","target":{"@type":"EntryPoint","urlTemplate":"https:\/\/www.fanprojekt-muenster.de\/wordpress\/?s={search_term_string}"},"query-input":{"@type":"PropertyValueSpecification","valueRequired":true,"valueName":"search_term_string"}}],"inLanguage":"de"},{"@type":"Organization","@id":"https:\/\/www.fanprojekt-muenster.de\/wordpress\/#organization","name":"Fangemeinschaft Preu\u00dfen M\u00fcnster e. V.","url":"https:\/\/www.fanprojekt-muenster.de\/wordpress\/","logo":{"@type":"ImageObject","inLanguage":"de","@id":"https:\/\/www.fanprojekt-muenster.de\/wordpress\/#\/schema\/logo\/image\/","url":"https:\/\/www.fanprojekt-muenster.de\/wordpress\/wp-content\/uploads\/2019\/07\/cropped-Website_Logo3-9.png","contentUrl":"https:\/\/www.fanprojekt-muenster.de\/wordpress\/wp-content\/uploads\/2019\/07\/cropped-Website_Logo3-9.png","width":224,"height":42,"caption":"Fangemeinschaft Preu\u00dfen M\u00fcnster e. V."},"image":{"@id":"https:\/\/www.fanprojekt-muenster.de\/wordpress\/#\/schema\/logo\/image\/"}}]}},"coauthors":[],"author_meta":{"author_link":"https:\/\/www.fanprojekt-muenster.de\/wordpress\/author\/fp_superadmin\/","display_name":"fp_superadmin"},"relative_dates":{"created":"Posted 11\u00a0Jahren ago","modified":"Updated 6\u00a0Jahren ago"},"absolute_dates":{"created":"Posted on 19. November 2014","modified":"Updated on 13. Januar 2020"},"absolute_dates_time":{"created":"Posted on 19. November 2014 15:19","modified":"Updated on 13. Januar 2020 13:55"},"featured_img_caption":"","featured_img":false,"series_order":"","_links":{"self":[{"href":"https:\/\/www.fanprojekt-muenster.de\/wordpress\/wp-json\/wp\/v2\/pages\/3431","targetHints":{"allow":["GET"]}}],"collection":[{"href":"https:\/\/www.fanprojekt-muenster.de\/wordpress\/wp-json\/wp\/v2\/pages"}],"about":[{"href":"https:\/\/www.fanprojekt-muenster.de\/wordpress\/wp-json\/wp\/v2\/types\/page"}],"author":[{"embeddable":true,"href":"https:\/\/www.fanprojekt-muenster.de\/wordpress\/wp-json\/wp\/v2\/users\/2"}],"replies":[{"embeddable":true,"href":"https:\/\/www.fanprojekt-muenster.de\/wordpress\/wp-json\/wp\/v2\/comments?post=3431"}],"version-history":[{"count":3,"href":"https:\/\/www.fanprojekt-muenster.de\/wordpress\/wp-json\/wp\/v2\/pages\/3431\/revisions"}],"predecessor-version":[{"id":7030,"href":"https:\/\/www.fanprojekt-muenster.de\/wordpress\/wp-json\/wp\/v2\/pages\/3431\/revisions\/7030"}],"up":[{"embeddable":true,"href":"https:\/\/www.fanprojekt-muenster.de\/wordpress\/wp-json\/wp\/v2\/pages\/375"}],"wp:attachment":[{"href":"https:\/\/www.fanprojekt-muenster.de\/wordpress\/wp-json\/wp\/v2\/media?parent=3431"}],"curies":[{"name":"wp","href":"https:\/\/api.w.org\/{rel}","templated":true}]}}