{"id":312,"date":"2010-02-12T22:02:19","date_gmt":"2010-02-12T22:02:19","guid":{"rendered":"http:\/\/www.fanprojekt-muenster.de\/fp\/?page_id=312"},"modified":"2019-07-07T15:00:35","modified_gmt":"2019-07-07T13:00:35","slug":"satzung","status":"publish","type":"page","link":"https:\/\/www.fanprojekt-muenster.de\/wordpress\/uber-uns\/satzung\/","title":{"rendered":"Satzung"},"content":{"rendered":"\n<h2 class=\"wp-block-heading\">Die Satzung des Fanprojekts als Download: <a href=\"http:\/\/www.fanprojekt-muenster.de\/wp\/wp-content\/uploads\/2010\/02\/Fanprojekt-Vereinssatzung-vom-09.05.2016-vom-Amtsgericht-best\u00e4tigt.pdf\">PDF-Vereinssatzung<\/a><\/h2>\n\n\n\n<p><strong>Satzung des Fanprojekt Preu\u00dfen M\u00fcnster e.V.<\/strong> (09.05.2016)<\/p>\n\n\n\n<p>Postfach 1906 48007 M\u00fcnster<\/p>\n\n\n\n<p><strong>\u00a7 1 Name, Sitz und Gesch\u00e4ftsjahr<\/strong><br>[1] Der Verein f\u00fchrt den Namen &#8222;Fanprojekt Preu\u00dfen M\u00fcnster&#8220; mit dem Zusatz &#8222;e.V.&#8220; und hat seinen Sitz in M\u00fcnster. Das Gesch\u00e4ftsjahr entspricht dem des Deutschen Fu\u00dfballbundes (DFB). Es l\u00e4uft (zurzeit) vom 01.07. bis zum 30.06.<\/p>\n\n\n\n<p>[2] Die \u00dcbertragung des Namens an Dritte ist nur durch den Beschluss der Mitgliederversammlung mit einer<br>2\/3 Mehrheit der stimmberechtigten Mitglieder m\u00f6glich.<\/p>\n\n\n\n<p><strong>\u00a7 2 Zweck des Vereins<\/strong><br>[1] Der Verein verfolgt ausschlie\u00dflich und unmittelbar gemeinn\u00fctzige Zwecke im Sinne des Abschnitts<br>&#8222;Steuerbeg\u00fcnstigte Zwecke&#8220; der Abgabenordnung.<\/p>\n\n\n\n<p>[2] Zweck des Vereins ist die Schaffung einer gewaltfreien, antirassistischen und angenehmen Atmosph\u00e4re im Umfeld des Fu\u00dfballsports. Der Verein steht dabei in allseinen Belangen auf demokratischer Grundlage. Er bietet allen Preu\u00dfenfans unabh\u00e4ngig von Alter, Geschlecht, Hautfarbe, Herkunft, Glauben, Behinderung, sozialer Stellung oder sexueller Identit\u00e4t eine Heimat. Die Mitglieder des Vereins bekennen sich zum Gewaltverzicht und zur Fairness im Sport.<br>Der Zweck des Vereins wird verwirklicht durch die Einrichtung von Ordnungs- und<br>Selbstregulierungsmechanismen, sowie durch \u00d6ffentlichkeitsarbeit und die Organisation von Sport &#8211; und Gemeinschaftsveranstaltungen, um das Verst\u00e4ndnis untereinander zu f\u00f6rdern und Spannungen vorzubeugen. Dadurch soll Gewalt verhindert und das Verantwortungsbewusstsein der Fans gest\u00e4rkt werden.<br>Weiterer Zweck des Vereins ist die Einbindung der Vereinsmitglieder in die Vereinsarbeit.<\/p>\n\n\n\n<p>[3] Der Verein versteht sich als Dachverband aller Preu\u00dfenfans. Er tritt f\u00fcr den Erhalt und den Ausbau der<br>Fanrechte im Verein SC Preu\u00dfen 06 e.V. M\u00fcnster ein und dient der Wahrung der Fu\u00dfballfankultur.<\/p>\n\n\n\n<p><strong>\u00a7 3 Gemeinn\u00fctzigkeit<\/strong><br>Der Verein ist selbstlos t\u00e4tig. Er verfolgt nicht in erster Linie eigenwirtschaftliche Zwecke. Mittel des Vereins d\u00fcrfen nur f\u00fcr die satzungsm\u00e4\u00dfigen Zwecke verwendet werden. Die Mitglieder erhalten keine Zuwendungen aus Mitteln des Vereins. Sie erhalten bei Ihrem Ausscheiden oder bei der Aufl\u00f6sung oder Aufhebung des Vereins keine Anteile de s Vereinsverm\u00f6gens. Es darf auch keine Person durch Angaben, die dem Zweck des Vereins fremd sind oder durch unverh\u00e4ltnism\u00e4\u00dfig hohe Verg\u00fctung beg\u00fcnstigt werden.<\/p>\n\n\n\n<p><strong>\u00a7 4 Mitgliedschaft<\/strong><br>[1] Mitglied kann jede nat\u00fcrliche Person werden, die die Ziele des Vereins unterst\u00fctzt. Fanclubs oder auch juristische Personen k\u00f6nnen passive Mitglieder ohne Stimmrecht werden.<\/p>\n\n\n\n<p>[2] Auf Vorschlag eines aktiven Mitgliedes k ann die Mitgliederversammlung mit einer 2\/3 Mehrheit<br>Ehrenmitglieder ernennen.<\/p>\n\n\n\n<p>[3] \u00dcber die Aufnahme in den Verein entscheidet auf schriftlichen Antrag der Vorstand. Unter 18-j\u00e4hrige m\u00fcssen eine schriftliche Einverst\u00e4ndniserkl\u00e4rung der Erziehungsberechtigten vorlegen. Der Antrag kann vom Vorstand bei 2\/3 -Mehrheit ohne Begr\u00fcndung abgelehnt werden.<\/p>\n\n\n\n<p>(4] Die Mitgliedschaft endet durch K\u00fcndigung, Ausschluss oder Tod. Sie ist weder vererb- noch \u00fcbertragbar. Mit der Beendigung der Mitgliedschaft erl\u00f6schen s\u00e4mtliche, mit der Mitgliedschaft verbundenen Anrechte an den Verein. Die K\u00fcndigung ist dem Vorstand gegen\u00fcber schriftlich zu erkl\u00e4ren und wirkt mit Monatsfrist zum Monatsende.<\/p>\n\n\n\n<p>[5] Die Mitglieder sind verpflichtet, einen von der Mitgliederversammlung festzustellenden Jahresbeitrag zu entrichten. Ehrenmitglieder sind beitragsfrei. Der Jahresbeitrag wird j\u00e4hrlich zu einem festgelegten Zeitpunkt im SEPA-Lastschriftverfahren eingezogen. Die anfallenden Geb\u00fchren aus zur\u00fcckgehenden Lastschriften (R\u00fccklastschriften) werden dem Mitglied belastet, falls es nachweislich f\u00fcr die Nichteinzugsm\u00f6glichkeit verantwortlich ist (neue Bankverbindung nicht mitgeteilt, Unterdeckung, etc.). Ist es unm\u00f6glich den Beitrag eines Mitgliedes innerhalb einer Frist von drei Monaten einzuziehen, bzw. ist das Mitglied nicht in der Lage den Beitrag auf andere Art und Weise zu entrichten, endet die Mitgliedschaft automatisch, wobei das Mitglied<br>vorab schriftlich vom Vorstand \u00fcber das bevorstehende Ende seiner Mitgliedschaft in Kenntnis gesetzt werden muss. Die Betreibung des r\u00fcckst\u00e4ndigen Beitrags bleibt davon unber\u00fchrt.<\/p>\n\n\n\n<p>[6] Der Vorstand kann mit einer 2\/3 Mehrheit ein Mitglied ausschlie\u00dfen, wenn es:<br>a) vors\u00e4tzlich gegen die Vereinssatzung oder Beschl\u00fcsse der Vereinsorgane verst\u00f6\u00dft; oder<br>b) gr\u00f6blich das Ansehen des Ver eins s ch\u00e4digt; oder<br>c) den Vereinsfrieden ernsthaft gef\u00e4hrdet; oder<br>d) eine mit\u00a7 2 Absatz 2 unvereinbare Gesinnung offenbart.<\/p>\n\n\n\n<p>[7] Der Ausschluss ist dem Mitglied unter Angabe der Gr\u00fcnde durch eingeschriebenen Brief mitzuteilen. Widerspruch gegen den Ausschluss ist innerhalb von zwei Wochen nach Zustellung zul\u00e4ssig, worauf das ausgeschlossene Mitglied hingewiesen werden muss. Der Widerspruch ist durch eingeschriebenen Brief an den Verein zu richten. \u00dcber den Widerspruch entscheidet der Ehrenrat des Vereins nach Einholung der Stellungnahme des Vorstandes und nach Anh\u00f6rung des betroffenen Mitgliedes endg\u00fcltig.<\/p>\n\n\n\n<p><strong>\u00a7 5 Gesch\u00e4ftsbedingungen<\/strong><br>Das Fanprojekt Preu\u00dfen M\u00fcnster e.V. \u00fcbernimmt keine Haftung f\u00fcr Personensch\u00e4den, Sachsch\u00e4den, Verm\u00f6genssch\u00e4den, sowie mutwillige Besch\u00e4digung fremden Eigentums, die sich bei vom Fanprojekt organisierten Fahrten mit oder ohne Besuch eines Fu\u00dfballspiels, allgemeinen Veranstaltungen, Mitgliederversammlungen oder Spor tveranstaltungen ergeben.<\/p>\n\n\n\n<p><strong>\u00a7 6 Organe<\/strong><br>Organe des Vereins sind:<br>1. die Mitgliederversammlung<br>2. der Vorstand<br>3. der Ehrenr at<\/p>\n\n\n\n<p><strong>\u00a7 7 Mitgliederversammlung<\/strong><br>[1] In den ersten vier Monaten jedes Gesch\u00e4ftsjahres findet die ordentliche Mitgliederversammlung statt. Ihr obliegt vor allem:<br>1. die Entgegennahme des Jahresberichtes des Vorstands,<br>2. die Entgegennahme des Kassenberichtes und der Kassenpr\u00fcfer<br>3. die Entlastung des Vorstandes<br>4. die Neuwahl des Vorstandes<br>5. die Neuwahl der Kassenpr\u00fcfer<br>6. die Neuwahl des Ehrenrates<br>7. die Beschlussfassung \u00fcber Satzungs\u00e4nderungen und \u00fcber die Aufl\u00f6sung des Vereins<\/p>\n\n\n\n<p>[2] F\u00fcr die Durchf\u00fchrung der Entlastung bzw. der Neuwahl des Vorstandes ist die einfache Mehrheit der anwesenden Mitglieder erforderlich. Es wird \u00fcber jedes Vorstandsmitglied einzeln abgestimmt. Eine Blockwahl des Vorstandes ist auf Antrag m\u00f6glich.<\/p>\n\n\n\n<p>[3] Stimmberechtigt sind nur pers\u00f6nlich anwesende Mitglieder, die das sechszehnte Lebensjahr vollendet haben. Die \u00dcbertragung der Aus\u00fcbung des Stimmrechts auf andere Mitglieder ist nicht m\u00f6glich.<\/p>\n\n\n\n<p>[4] Au\u00dferordentliche Mitgliederversammlungen sind auf Verlangen von 2\/3 der Mitglieder des Vorstandes oder auf Verlangen von 1\/4 der Mitglieder einzuberufen.<\/p>\n\n\n\n<p>[5] Die Einberufung zu allen Mitgliederversammlungen erfolgt unter Bekanntgabe der Tagesordnung durch den Vorstand schriftlich mit der Frist von einer Woche. Die Versammlung ist unabh\u00e4ngig von der Zahl der erschienenen Mitglieder beschlussf\u00e4hig.<\/p>\n\n\n\n<p>[6] Die Zustellung der Einladung zur Mitgliederversammlung erfolgt grunds\u00e4tzlich perEmail und \u00fcber die Webseite des Vereins. Auf schriftlichen Antrag des Mitgliedes kann diese auch postalisch erfolgen.<\/p>\n\n\n\n<p><strong>\u00a7 8 Vorstand<\/strong><br>[1] Der Vorstand besteht aus acht Mitgliedern:<br>\u2022 Der bzw. die 1. Vorsitzende,<br>\u2022 der bzw. die 2. Vorsitzende,<br>\u2022 der bzw. die Schatzmeisterln,<br>\u2022 der bzw. die Schriftf\u00fchrerln,<br>sowie jeweils einem Beisitzer bzw. Beisitzerin f\u00fcr folgende Aufgaben:<br>a) Abteilung Gesch\u00e4ftsstelle<br>b) Abteilung Fanclub-\/Mitgliederbetreuung<br>c) Abteilung Veranstaltungen<br>d) Abteilung \u00d6ffentlichkeitsarbeit<\/p>\n\n\n\n<p>[2] Der Verein wird gerichtlich und au\u00dfergerichtlich durch den\/die 1. Vorsitzendein und einem weiterem Vorstandsmitglied oder durch drei Vorstandsmitglieder gemeinsam vertreten.<\/p>\n\n\n\n<p>[3] Ein Fanbeauftragter des SC Preu\u00dfen 06 e. V. M\u00fcnster ist quartalsweise zu Vorstandssitzungen und zu jeder Mitgliederversammlung einzuladen und hat beratendes Stimmrecht.<\/p>\n\n\n\n<p>[4] Im Innenverh\u00e4ltnis gilt f\u00fcr die Aufgabenverteilung folgendes:<br>a) Die f\u00fcr jeweiligen Abteilungen zust\u00e4ndigen Beisitzer haben dem Vorstand zu berichten. Jedes Vorstandsmitglied koordiniert dar\u00fcber hinaus den Einsatz von freiwilligen Helfern in seinem Bereich. Die T\u00e4tigkeiten in der Vorstandsarbeit sind ehrenamtlich und werden in keiner Weise vom Vorstand entlohnt (mit Ausnahme der Erstattung anfallender notwendiger Auslagen).<br>b) Es d\u00fcrfen keine Aushilfen gegen Entlohnung eingestellt werden, die die Arbeit von Vorstandsmitgliedern \u00fcbernehmen. Davon ausgeschlossen bleibt die Einstellung von Teilzeit- oder Vollzeitkr\u00e4ften f\u00fcr die Gesch\u00e4ftsstelle.<\/p>\n\n\n\n<p>[5] Die Amtszeit des Vorstands betr\u00e4gt zwei Jahre. Die Wiederwahl ist zul\u00e4ssig. Der Vorstand bleibt solange im Amt, bis ein neuer Vorstand gew\u00e4hlt ist.<\/p>\n\n\n\n<p>[6] Den Ausschluss eines Vorstandsmitgliedes w\u00e4hrend der Amtsperiode kann der Vorstand nur zusammen mit dem Ehrenrat mit einer 2\/3 Mehrheit beschlie\u00dfen, wenn dieser seine Vorstandsarbeit in grober Weise und zum Schaden der anderen Vorstandsmitglieder, sowie zum Schaden des Vereins vernachl\u00e4ssigt hat.<\/p>\n\n\n\n<p>[7] Beim Ausschluss, sowie beim freiwilligen Ausscheiden einzelner Vorstandsmitglieder w\u00e4hrend einer Amtsperiode entscheiden die verbliebenen Vorstandsmitglieder mit einer 2\/3 Mehrheit \u00fcber die Aufnahme eines neuen Vorstandsmitgliedes f\u00fcr die zu besetzende Position, um den reibungslosen Ablauf der Vorstandsarbeit zu gew\u00e4hrleisten. Die darauf folgende Mitgliederversammlung stimmt dann \u00fcber den Verbleib oder die Neuwahl der so zu besetzten Vorstandsposition ab. Dar\u00fcber hinaus kann mit einer 3\/4 Mehrheit der anwesenden Mitglieder dem Vorstand auch w\u00e4hrend einer Amtsperiode das Misstrauen ausgesprochen werden. ln diesem Falle sind sofortige Neuwahlen zum Vorstand durchzuf\u00fchren.<\/p>\n\n\n\n<p>[8] Voraussetzung f\u00fcr die Wahl zum Vorstand, bzw. die Ernennung zum Vorstandsmitglied ist die ungek\u00fcndigte Mitgliedschaft im Fanprojekt von mindestens einem Jahr.<\/p>\n\n\n\n<p><strong>\u00a7 9 Ehrenrat<\/strong><br>[1] Der Ehrenrat besteht aus drei Mitgliedern, von denen wenigstens ein Mitglied juristische Vorbildung haben sollte. Er wird f\u00fcr eine Amtsdauer von 2 Jahren gew\u00e4hlt. W\u00e4hlbar sind nur Mitglieder des Vereins mit einer ungek\u00fcndigten Mitgliedschaft im Fanprojekt von mindestens einem Jahr. Die Amtsdauer endet mit der Neuwahl. Scheidet ein Mitglied des Ehrenrates w\u00e4hrend der Amtsperiode aus, so w\u00e4hlt der Ehrenrat ein Ersatzmitglied f\u00fcr die restliche Amtsdauer. Der Ehrenrat w\u00e4hlt aus seiner Mitte seinen Vorsitzenden.<\/p>\n\n\n\n<p>[2] Sitzungen des Ehrenrates finden nach Bedarf statt.<\/p>\n\n\n\n<p><strong>\u00a7 10 Beschlussfassung<\/strong><br>Wenn nicht anders angegeben, fasst die Mitgliederversammlung Beschl\u00fcsse mit einfacher Mehrheit der Anwesenden. Satzungs\u00e4nderungen bed\u00fcrfen einer 2\/3 Mehrheit aller anwesenden Mitglieder und sind nur zul\u00e4ssig, wenn sie in der Einladung zur Mitgliederversammlung im Wortlaut angek\u00fcndigt waren. \u00dcber die Beschl\u00fcsse der Mitgliederversammlung ist eine von einem Vorstandsmitglied und von einem bzw. einer von der Mitgliederversammlung gew\u00e4hlten Protokollf\u00fchrerln zu unterschreibende Niederschrift aufzunehmen.<\/p>\n\n\n\n<p><strong>\u00a7 11 Haftungspflicht<\/strong><br>in allen Namens des Vereins abzuschlie\u00dfenden oder sonstigen abzugebenden Verpflichtungserkl\u00e4rung muss die Bestimmung aufgenommen werden, dass die Vorstandsmitglieder f\u00fcr die daraus entstehenden Verbindlichkeiten nur mit dem Vereinsverm\u00f6gen haften.<\/p>\n\n\n\n<p><strong>\u00a7 12 Aufl\u00f6sung<\/strong><br>[1] Die Aufl\u00f6sung des Vereins kann nur in einer zu diesem Zweck mit einer Frist von einem Monat einberufenen au\u00dferordentlichen Mitgliederversammlung mit einer Mehrheit von 3\/4 der anwesenden Mitglieder<br>beschloss en werden.<\/p>\n\n\n\n<p>[2] Bei der Aufl\u00f6sung\/Aufhebung des Vereins oder bei Wegfall steuerbeg\u00fcnstigter Zwecke f\u00e4llt das noch vorhandene Verm\u00f6gen des Vereins dem Stadtsportbund M\u00fcnster e.V. mit der Auflage zu, dieses dem SC Preu\u00dfen 06 e.V. M\u00fcnster zur Verf\u00fcgung zu stellen, der es unmittelbar und ausschlie\u00dflich f\u00fcr seine Jugendarbeit zu verwenden hat.<\/p>\n\n\n<p><!--EndFragment--><\/p>","protected":false},"excerpt":{"rendered":"<p>Die Satzung des Fanprojekts als Download: PDF-Vereinssatzung Satzung des Fanprojekt Preu\u00dfen M\u00fcnster e.V. (09.05.2016) Postfach 1906 48007 M\u00fcnster \u00a7 1 Name, Sitz und Gesch\u00e4ftsjahr[1] Der Verein f\u00fchrt den Namen &#8222;Fanprojekt&#8230; <a class=\"read-more-link\" href=\"https:\/\/www.fanprojekt-muenster.de\/wordpress\/uber-uns\/satzung\/\">Read more &raquo;<\/a><\/p>\n","protected":false},"author":2,"featured_media":0,"parent":331,"menu_order":0,"comment_status":"closed","ping_status":"open","template":"","meta":{"advgb_blocks_editor_width":"","advgb_blocks_columns_visual_guide":"","footnotes":""},"class_list":["post-312","page","type-page","status-publish","hentry"],"featured_image_src":null,"yoast_head":"<!-- This site is optimized with the Yoast SEO plugin v27.2 - https:\/\/yoast.com\/product\/yoast-seo-wordpress\/ -->\n<title>Satzung - Fangemeinschaft Preu\u00dfen M\u00fcnster e. V.<\/title>\n<meta name=\"robots\" content=\"index, follow, max-snippet:-1, max-image-preview:large, max-video-preview:-1\" \/>\n<link rel=\"canonical\" href=\"https:\/\/www.fanprojekt-muenster.de\/wordpress\/uber-uns\/satzung\/\" \/>\n<meta property=\"og:locale\" content=\"de_DE\" \/>\n<meta property=\"og:type\" content=\"article\" \/>\n<meta property=\"og:title\" content=\"Satzung - Fangemeinschaft Preu\u00dfen M\u00fcnster e. V.\" \/>\n<meta property=\"og:description\" content=\"Die Satzung des Fanprojekts als Download: PDF-Vereinssatzung Satzung des Fanprojekt Preu\u00dfen M\u00fcnster e.V. (09.05.2016) Postfach 1906 48007 M\u00fcnster \u00a7 1 Name, Sitz und Gesch\u00e4ftsjahr[1] Der Verein f\u00fchrt den Namen &#8222;Fanprojekt... Read more &raquo;\" \/>\n<meta property=\"og:url\" content=\"https:\/\/www.fanprojekt-muenster.de\/wordpress\/uber-uns\/satzung\/\" \/>\n<meta property=\"og:site_name\" content=\"Fangemeinschaft Preu\u00dfen M\u00fcnster e. V.\" \/>\n<meta property=\"article:modified_time\" content=\"2019-07-07T13:00:35+00:00\" \/>\n<meta name=\"twitter:card\" content=\"summary_large_image\" \/>\n<meta name=\"twitter:label1\" content=\"Gesch\u00e4tzte Lesezeit\" \/>\n\t<meta name=\"twitter:data1\" content=\"8\u00a0Minuten\" \/>\n<script type=\"application\/ld+json\" class=\"yoast-schema-graph\">{\"@context\":\"https:\/\/schema.org\",\"@graph\":[{\"@type\":\"WebPage\",\"@id\":\"https:\/\/www.fanprojekt-muenster.de\/wordpress\/uber-uns\/satzung\/\",\"url\":\"https:\/\/www.fanprojekt-muenster.de\/wordpress\/uber-uns\/satzung\/\",\"name\":\"Satzung - Fangemeinschaft Preu\u00dfen M\u00fcnster e. V.\",\"isPartOf\":{\"@id\":\"https:\/\/www.fanprojekt-muenster.de\/wordpress\/#website\"},\"datePublished\":\"2010-02-12T22:02:19+00:00\",\"dateModified\":\"2019-07-07T13:00:35+00:00\",\"breadcrumb\":{\"@id\":\"https:\/\/www.fanprojekt-muenster.de\/wordpress\/uber-uns\/satzung\/#breadcrumb\"},\"inLanguage\":\"de\",\"potentialAction\":[{\"@type\":\"ReadAction\",\"target\":[\"https:\/\/www.fanprojekt-muenster.de\/wordpress\/uber-uns\/satzung\/\"]}]},{\"@type\":\"BreadcrumbList\",\"@id\":\"https:\/\/www.fanprojekt-muenster.de\/wordpress\/uber-uns\/satzung\/#breadcrumb\",\"itemListElement\":[{\"@type\":\"ListItem\",\"position\":1,\"name\":\"Startseite\",\"item\":\"https:\/\/www.fanprojekt-muenster.de\/wordpress\/\"},{\"@type\":\"ListItem\",\"position\":2,\"name\":\"\u00dcber uns\",\"item\":\"https:\/\/www.fanprojekt-muenster.de\/wordpress\/uber-uns\/\"},{\"@type\":\"ListItem\",\"position\":3,\"name\":\"Satzung\"}]},{\"@type\":\"WebSite\",\"@id\":\"https:\/\/www.fanprojekt-muenster.de\/wordpress\/#website\",\"url\":\"https:\/\/www.fanprojekt-muenster.de\/wordpress\/\",\"name\":\"Fangemeinschaft Preu\u00dfen M\u00fcnster e. V.\",\"description\":\"\",\"publisher\":{\"@id\":\"https:\/\/www.fanprojekt-muenster.de\/wordpress\/#organization\"},\"potentialAction\":[{\"@type\":\"SearchAction\",\"target\":{\"@type\":\"EntryPoint\",\"urlTemplate\":\"https:\/\/www.fanprojekt-muenster.de\/wordpress\/?s={search_term_string}\"},\"query-input\":{\"@type\":\"PropertyValueSpecification\",\"valueRequired\":true,\"valueName\":\"search_term_string\"}}],\"inLanguage\":\"de\"},{\"@type\":\"Organization\",\"@id\":\"https:\/\/www.fanprojekt-muenster.de\/wordpress\/#organization\",\"name\":\"Fangemeinschaft Preu\u00dfen M\u00fcnster e. V.\",\"url\":\"https:\/\/www.fanprojekt-muenster.de\/wordpress\/\",\"logo\":{\"@type\":\"ImageObject\",\"inLanguage\":\"de\",\"@id\":\"https:\/\/www.fanprojekt-muenster.de\/wordpress\/#\/schema\/logo\/image\/\",\"url\":\"https:\/\/www.fanprojekt-muenster.de\/wordpress\/wp-content\/uploads\/2019\/07\/cropped-Website_Logo3-9.png\",\"contentUrl\":\"https:\/\/www.fanprojekt-muenster.de\/wordpress\/wp-content\/uploads\/2019\/07\/cropped-Website_Logo3-9.png\",\"width\":224,\"height\":42,\"caption\":\"Fangemeinschaft Preu\u00dfen M\u00fcnster e. V.\"},\"image\":{\"@id\":\"https:\/\/www.fanprojekt-muenster.de\/wordpress\/#\/schema\/logo\/image\/\"}}]}<\/script>\n<!-- \/ Yoast SEO plugin. -->","yoast_head_json":{"title":"Satzung - Fangemeinschaft Preu\u00dfen M\u00fcnster e. V.","robots":{"index":"index","follow":"follow","max-snippet":"max-snippet:-1","max-image-preview":"max-image-preview:large","max-video-preview":"max-video-preview:-1"},"canonical":"https:\/\/www.fanprojekt-muenster.de\/wordpress\/uber-uns\/satzung\/","og_locale":"de_DE","og_type":"article","og_title":"Satzung - Fangemeinschaft Preu\u00dfen M\u00fcnster e. V.","og_description":"Die Satzung des Fanprojekts als Download: PDF-Vereinssatzung Satzung des Fanprojekt Preu\u00dfen M\u00fcnster e.V. (09.05.2016) Postfach 1906 48007 M\u00fcnster \u00a7 1 Name, Sitz und Gesch\u00e4ftsjahr[1] Der Verein f\u00fchrt den Namen &#8222;Fanprojekt... Read more &raquo;","og_url":"https:\/\/www.fanprojekt-muenster.de\/wordpress\/uber-uns\/satzung\/","og_site_name":"Fangemeinschaft Preu\u00dfen M\u00fcnster e. V.","article_modified_time":"2019-07-07T13:00:35+00:00","twitter_card":"summary_large_image","twitter_misc":{"Gesch\u00e4tzte Lesezeit":"8\u00a0Minuten"},"schema":{"@context":"https:\/\/schema.org","@graph":[{"@type":"WebPage","@id":"https:\/\/www.fanprojekt-muenster.de\/wordpress\/uber-uns\/satzung\/","url":"https:\/\/www.fanprojekt-muenster.de\/wordpress\/uber-uns\/satzung\/","name":"Satzung - Fangemeinschaft Preu\u00dfen M\u00fcnster e. V.","isPartOf":{"@id":"https:\/\/www.fanprojekt-muenster.de\/wordpress\/#website"},"datePublished":"2010-02-12T22:02:19+00:00","dateModified":"2019-07-07T13:00:35+00:00","breadcrumb":{"@id":"https:\/\/www.fanprojekt-muenster.de\/wordpress\/uber-uns\/satzung\/#breadcrumb"},"inLanguage":"de","potentialAction":[{"@type":"ReadAction","target":["https:\/\/www.fanprojekt-muenster.de\/wordpress\/uber-uns\/satzung\/"]}]},{"@type":"BreadcrumbList","@id":"https:\/\/www.fanprojekt-muenster.de\/wordpress\/uber-uns\/satzung\/#breadcrumb","itemListElement":[{"@type":"ListItem","position":1,"name":"Startseite","item":"https:\/\/www.fanprojekt-muenster.de\/wordpress\/"},{"@type":"ListItem","position":2,"name":"\u00dcber uns","item":"https:\/\/www.fanprojekt-muenster.de\/wordpress\/uber-uns\/"},{"@type":"ListItem","position":3,"name":"Satzung"}]},{"@type":"WebSite","@id":"https:\/\/www.fanprojekt-muenster.de\/wordpress\/#website","url":"https:\/\/www.fanprojekt-muenster.de\/wordpress\/","name":"Fangemeinschaft Preu\u00dfen M\u00fcnster e. V.","description":"","publisher":{"@id":"https:\/\/www.fanprojekt-muenster.de\/wordpress\/#organization"},"potentialAction":[{"@type":"SearchAction","target":{"@type":"EntryPoint","urlTemplate":"https:\/\/www.fanprojekt-muenster.de\/wordpress\/?s={search_term_string}"},"query-input":{"@type":"PropertyValueSpecification","valueRequired":true,"valueName":"search_term_string"}}],"inLanguage":"de"},{"@type":"Organization","@id":"https:\/\/www.fanprojekt-muenster.de\/wordpress\/#organization","name":"Fangemeinschaft Preu\u00dfen M\u00fcnster e. V.","url":"https:\/\/www.fanprojekt-muenster.de\/wordpress\/","logo":{"@type":"ImageObject","inLanguage":"de","@id":"https:\/\/www.fanprojekt-muenster.de\/wordpress\/#\/schema\/logo\/image\/","url":"https:\/\/www.fanprojekt-muenster.de\/wordpress\/wp-content\/uploads\/2019\/07\/cropped-Website_Logo3-9.png","contentUrl":"https:\/\/www.fanprojekt-muenster.de\/wordpress\/wp-content\/uploads\/2019\/07\/cropped-Website_Logo3-9.png","width":224,"height":42,"caption":"Fangemeinschaft Preu\u00dfen M\u00fcnster e. V."},"image":{"@id":"https:\/\/www.fanprojekt-muenster.de\/wordpress\/#\/schema\/logo\/image\/"}}]}},"coauthors":[],"author_meta":{"author_link":"https:\/\/www.fanprojekt-muenster.de\/wordpress\/author\/fp_superadmin\/","display_name":"fp_superadmin"},"relative_dates":{"created":"Posted 16\u00a0Jahren ago","modified":"Updated 7\u00a0Jahren ago"},"absolute_dates":{"created":"Posted on 12. Februar 2010","modified":"Updated on 7. Juli 2019"},"absolute_dates_time":{"created":"Posted on 12. Februar 2010 22:02","modified":"Updated on 7. Juli 2019 15:00"},"featured_img_caption":"","featured_img":false,"series_order":"","_links":{"self":[{"href":"https:\/\/www.fanprojekt-muenster.de\/wordpress\/wp-json\/wp\/v2\/pages\/312","targetHints":{"allow":["GET"]}}],"collection":[{"href":"https:\/\/www.fanprojekt-muenster.de\/wordpress\/wp-json\/wp\/v2\/pages"}],"about":[{"href":"https:\/\/www.fanprojekt-muenster.de\/wordpress\/wp-json\/wp\/v2\/types\/page"}],"author":[{"embeddable":true,"href":"https:\/\/www.fanprojekt-muenster.de\/wordpress\/wp-json\/wp\/v2\/users\/2"}],"replies":[{"embeddable":true,"href":"https:\/\/www.fanprojekt-muenster.de\/wordpress\/wp-json\/wp\/v2\/comments?post=312"}],"version-history":[{"count":2,"href":"https:\/\/www.fanprojekt-muenster.de\/wordpress\/wp-json\/wp\/v2\/pages\/312\/revisions"}],"predecessor-version":[{"id":6909,"href":"https:\/\/www.fanprojekt-muenster.de\/wordpress\/wp-json\/wp\/v2\/pages\/312\/revisions\/6909"}],"up":[{"embeddable":true,"href":"https:\/\/www.fanprojekt-muenster.de\/wordpress\/wp-json\/wp\/v2\/pages\/331"}],"wp:attachment":[{"href":"https:\/\/www.fanprojekt-muenster.de\/wordpress\/wp-json\/wp\/v2\/media?parent=312"}],"curies":[{"name":"wp","href":"https:\/\/api.w.org\/{rel}","templated":true}]}}