{"id":311,"date":"2010-02-12T21:57:41","date_gmt":"2010-02-12T19:57:41","guid":{"rendered":"http:\/\/www.fanprojekt-muenster.de\/fp\/?page_id=311"},"modified":"2025-02-05T14:30:32","modified_gmt":"2025-02-05T13:30:32","slug":"mitglieder","status":"publish","type":"page","link":"https:\/\/www.fanprojekt-muenster.de\/wordpress\/uber-uns\/mitglieder\/","title":{"rendered":"Mitglieder"},"content":{"rendered":"\n<h2 class=\"wp-block-heading\" id=\"informationen-fur-mitglieder-und-interessierte\">Informationen f\u00fcr Mitglieder und Interessierte<\/h2>\n\n\n\n<p><strong>Alle Informationen einer Mitgliedschaft auf einen Blick<\/strong><\/p>\n\n\n\n<p>Die Fanszene des SC Preu\u00dfen M\u00fcnster ist bunt, kreativ und vielf\u00e4ltig. Das Fanprojekt versteht sich als Plattform f\u00fcr die verschiedenen Fangruppen, Fanklubs und Einzelpersonen. Wir m\u00f6chten eine angenehme, offene, respektvolle Atmosph\u00e4re innerhalb der Preu\u00dfenfamilie schaffen.<\/p>\n\n\n\n<p>Ein Verein ist nur so effektiv wie seine Mitglieder. Das Fanprojekt ist ein Zusammenschluss von Fans f\u00fcr Fans. Unter uns Preu\u00dfenfans gibt es die verschiedensten Menschen mit den verschiedensten F\u00e4higkeiten, die f\u00fcr die Fanszene und das Fanprojekt wichtig sein k\u00f6nnen.<\/p>\n\n\n\n<p>Wir wollen verschiedene Arbeitsgruppen zu verschiedenen Themen bilden&nbsp;wie z.B.&nbsp;Preu\u00dfen Stadion, Traditionspflege (Preu\u00dfen Museum), Aufbau einer Freizeit-Fu\u00dfballmannschaft und Teilnahme an \u00fcberregionalen Fanturnieren, Unterst\u00fctzung der M\u00fcnsteraner Fl\u00fcchtlingshilfe und Obdachlosenhilfe, \u00fcberregionale Fanpolitik (B.A.F.F. \/ Pro Fans etc.), Organisation von gemeinn\u00fctzigen Veranstaltungen, Sammelaktionen, Organisation von Sonderz\u00fcgen zu Ausw\u00e4rtsspielen, Partys, Konzerte, Lesungen, Diskussionsabende u.v.a. Der Fantasie sind keine Grenzen gesetzt. Die Vereinsmitglieder m\u00fcssen den Verein mit Leben f\u00fcllen. Gerne k\u00f6nnt Ihr mit eigenen Ideen, Projekten, Fragen und Kritik auf zu uns kommen. Das Fanprojekt ist auf Eure Hilfe, Kreativit\u00e4t und Mitarbeit angewiesen.<\/p>\n\n\n\n<p>=&gt; <a href=\"http:\/\/www.fanprojekt-muenster.de\/wp\/kontakt\/formulare\/mitgliedsantrag\/\">jetzt Mitglied werden<\/a><\/p>\n\n\n\n<blockquote class=\"wp-block-quote is-layout-flow wp-block-quote-is-layout-flow advgb-dyn-e517fdb6\">\n<p>Bestehende Mitgliedschaft <br>Ihr seid bereits Mitglied und m\u00f6chtet Eure bestehenden Mitgliedsdaten \u00e4ndern? Wir haben Euch die passenden <a href=\"http:\/\/www.fanprojekt-muenster.de\/wp\/kontakt\/formulare\/\">Formulare<\/a> online gestellt. Bei weiteren Fragen zu Eurer Mitgliedschaft oder Euren Daten, k\u00f6nnt Ihr Euch an mitglieder(at)fanprojekt-muenster.de wenden.<\/p>\n<\/blockquote>\n\n\n\n<h2 class=\"wp-block-heading\" id=\"mitgliedsbeitrage\">Mitgliedsbeitr\u00e4ge*<br><\/h2>\n\n\n\n<figure class=\"wp-block-table\"><table><tbody><tr><td>Erwachsene<br><\/td><td>Ehrenmitglieder<br><\/td><td>Jugendliche<br>(12 &#8211; 17 Jahre)<\/td><td>Kinder<br>(0 &#8211; 11 Jahre)<\/td><\/tr><tr><td>12 Euro \/ Jahr<\/td><td>0 Euro \/ Jahr<\/td><td>6 Euro \/ Jahr<\/td><td>0 Euro \/ Jahr<\/td><\/tr><\/tbody><\/table><\/figure>\n\n\n\n<p>*Die Mitgliedsbeitr\u00e4ge werden j\u00e4hrlich abgebucht.<\/p>\n\n\n\n<p>=&gt; <a href=\"http:\/\/www.fanprojekt-muenster.de\/wp\/kontakt\/formulare\/mitgliedsantrag\/\">jetzt Mitglied werden<\/a><\/p>\n\n\n\n<h2 class=\"wp-block-heading\" id=\"vorteile-achtung-anderung\">Vorteile <\/h2>\n\n\n\n<ul class=\"wp-block-list\">\n<li><s>Kartenvorverkaufsrecht auf Heimspiele des SC Preu\u00dfen M\u00fcnster 06 e.V.<\/s> <br\/> (ausgesetzt f\u00fcr die Saison 2024\/25 aufgrund geringer Stadionkapazit\u00e4t)<\/li>\n\n\n\n<li>Mitglieder des Fanprojekts erhalten den aktiven Beitrag des SC Preu\u00dfen M\u00fcnster 06 e.V.<\/li>\n\n\n\n<li>5% Erm\u00e4\u00dfigung auf Artikel aus dem&nbsp;<a href=\"http:\/\/fanshop.scpreussen-muenster.de\/\" target=\"_blank\" rel=\"noreferrer noopener\">FANSHOP<\/a>&nbsp;der Gesch\u00e4ftsstelle<\/li>\n<\/ul>\n\n\n\n<h2 class=\"wp-block-heading\" id=\"mitglied-werden\">Mitglied werden<\/h2>\n\n\n\n<blockquote class=\"wp-block-quote is-layout-flow wp-block-quote-is-layout-flow advgb-dyn-e517fdb6\">\n<p>Wir freuen uns \u00fcber jedes neue, engagierte Mitglied. Wenn ihr Euch daf\u00fcr entscheidet, Mitglied im Fanprojekt Preu\u00dfen M\u00fcnster werden zu wollen, dann nutzt das unten aufgef\u00fchrte Formular. Wir freuen uns auf Euch und Eure Ideen!<\/p>\n<\/blockquote>\n\n\n<p><!--EndFragment--><\/p>","protected":false},"excerpt":{"rendered":"<p>Informationen f\u00fcr Mitglieder und Interessierte Alle Informationen einer Mitgliedschaft auf einen Blick Die Fanszene des SC Preu\u00dfen M\u00fcnster ist bunt, kreativ und vielf\u00e4ltig. Das Fanprojekt versteht sich als Plattform f\u00fcr&#8230; <a class=\"read-more-link\" href=\"https:\/\/www.fanprojekt-muenster.de\/wordpress\/uber-uns\/mitglieder\/\">Read more &raquo;<\/a><\/p>\n","protected":false},"author":2,"featured_media":0,"parent":331,"menu_order":0,"comment_status":"closed","ping_status":"closed","template":"","meta":{"advgb_blocks_editor_width":"","advgb_blocks_columns_visual_guide":"","footnotes":""},"class_list":["post-311","page","type-page","status-publish","hentry"],"featured_image_src":null,"yoast_head":"<!-- This site is optimized with the Yoast SEO plugin v27.2 - https:\/\/yoast.com\/product\/yoast-seo-wordpress\/ -->\n<title>Mitglieder - Fangemeinschaft Preu\u00dfen M\u00fcnster e. V.<\/title>\n<meta name=\"robots\" content=\"index, follow, max-snippet:-1, max-image-preview:large, max-video-preview:-1\" \/>\n<link rel=\"canonical\" href=\"https:\/\/www.fanprojekt-muenster.de\/wordpress\/uber-uns\/mitglieder\/\" \/>\n<meta property=\"og:locale\" content=\"de_DE\" \/>\n<meta property=\"og:type\" content=\"article\" \/>\n<meta property=\"og:title\" content=\"Mitglieder - Fangemeinschaft Preu\u00dfen M\u00fcnster e. V.\" \/>\n<meta property=\"og:description\" content=\"Informationen f\u00fcr Mitglieder und Interessierte Alle Informationen einer Mitgliedschaft auf einen Blick Die Fanszene des SC Preu\u00dfen M\u00fcnster ist bunt, kreativ und vielf\u00e4ltig. Das Fanprojekt versteht sich als Plattform f\u00fcr... Read more &raquo;\" \/>\n<meta property=\"og:url\" content=\"https:\/\/www.fanprojekt-muenster.de\/wordpress\/uber-uns\/mitglieder\/\" \/>\n<meta property=\"og:site_name\" content=\"Fangemeinschaft Preu\u00dfen M\u00fcnster e. V.\" \/>\n<meta property=\"article:modified_time\" content=\"2025-02-05T13:30:32+00:00\" \/>\n<meta name=\"twitter:card\" content=\"summary_large_image\" \/>\n<meta name=\"twitter:label1\" content=\"Gesch\u00e4tzte Lesezeit\" \/>\n\t<meta name=\"twitter:data1\" content=\"2\u00a0Minuten\" \/>\n<script type=\"application\/ld+json\" class=\"yoast-schema-graph\">{\"@context\":\"https:\/\/schema.org\",\"@graph\":[{\"@type\":\"WebPage\",\"@id\":\"https:\/\/www.fanprojekt-muenster.de\/wordpress\/uber-uns\/mitglieder\/\",\"url\":\"https:\/\/www.fanprojekt-muenster.de\/wordpress\/uber-uns\/mitglieder\/\",\"name\":\"Mitglieder - Fangemeinschaft Preu\u00dfen M\u00fcnster e. V.\",\"isPartOf\":{\"@id\":\"https:\/\/www.fanprojekt-muenster.de\/wordpress\/#website\"},\"datePublished\":\"2010-02-12T19:57:41+00:00\",\"dateModified\":\"2025-02-05T13:30:32+00:00\",\"breadcrumb\":{\"@id\":\"https:\/\/www.fanprojekt-muenster.de\/wordpress\/uber-uns\/mitglieder\/#breadcrumb\"},\"inLanguage\":\"de\",\"potentialAction\":[{\"@type\":\"ReadAction\",\"target\":[\"https:\/\/www.fanprojekt-muenster.de\/wordpress\/uber-uns\/mitglieder\/\"]}]},{\"@type\":\"BreadcrumbList\",\"@id\":\"https:\/\/www.fanprojekt-muenster.de\/wordpress\/uber-uns\/mitglieder\/#breadcrumb\",\"itemListElement\":[{\"@type\":\"ListItem\",\"position\":1,\"name\":\"Startseite\",\"item\":\"https:\/\/www.fanprojekt-muenster.de\/wordpress\/\"},{\"@type\":\"ListItem\",\"position\":2,\"name\":\"\u00dcber uns\",\"item\":\"https:\/\/www.fanprojekt-muenster.de\/wordpress\/uber-uns\/\"},{\"@type\":\"ListItem\",\"position\":3,\"name\":\"Mitglieder\"}]},{\"@type\":\"WebSite\",\"@id\":\"https:\/\/www.fanprojekt-muenster.de\/wordpress\/#website\",\"url\":\"https:\/\/www.fanprojekt-muenster.de\/wordpress\/\",\"name\":\"Fangemeinschaft Preu\u00dfen M\u00fcnster e. V.\",\"description\":\"\",\"publisher\":{\"@id\":\"https:\/\/www.fanprojekt-muenster.de\/wordpress\/#organization\"},\"potentialAction\":[{\"@type\":\"SearchAction\",\"target\":{\"@type\":\"EntryPoint\",\"urlTemplate\":\"https:\/\/www.fanprojekt-muenster.de\/wordpress\/?s={search_term_string}\"},\"query-input\":{\"@type\":\"PropertyValueSpecification\",\"valueRequired\":true,\"valueName\":\"search_term_string\"}}],\"inLanguage\":\"de\"},{\"@type\":\"Organization\",\"@id\":\"https:\/\/www.fanprojekt-muenster.de\/wordpress\/#organization\",\"name\":\"Fangemeinschaft Preu\u00dfen M\u00fcnster e. V.\",\"url\":\"https:\/\/www.fanprojekt-muenster.de\/wordpress\/\",\"logo\":{\"@type\":\"ImageObject\",\"inLanguage\":\"de\",\"@id\":\"https:\/\/www.fanprojekt-muenster.de\/wordpress\/#\/schema\/logo\/image\/\",\"url\":\"https:\/\/www.fanprojekt-muenster.de\/wordpress\/wp-content\/uploads\/2019\/07\/cropped-Website_Logo3-9.png\",\"contentUrl\":\"https:\/\/www.fanprojekt-muenster.de\/wordpress\/wp-content\/uploads\/2019\/07\/cropped-Website_Logo3-9.png\",\"width\":224,\"height\":42,\"caption\":\"Fangemeinschaft Preu\u00dfen M\u00fcnster e. V.\"},\"image\":{\"@id\":\"https:\/\/www.fanprojekt-muenster.de\/wordpress\/#\/schema\/logo\/image\/\"}}]}<\/script>\n<!-- \/ Yoast SEO plugin. -->","yoast_head_json":{"title":"Mitglieder - Fangemeinschaft Preu\u00dfen M\u00fcnster e. V.","robots":{"index":"index","follow":"follow","max-snippet":"max-snippet:-1","max-image-preview":"max-image-preview:large","max-video-preview":"max-video-preview:-1"},"canonical":"https:\/\/www.fanprojekt-muenster.de\/wordpress\/uber-uns\/mitglieder\/","og_locale":"de_DE","og_type":"article","og_title":"Mitglieder - Fangemeinschaft Preu\u00dfen M\u00fcnster e. V.","og_description":"Informationen f\u00fcr Mitglieder und Interessierte Alle Informationen einer Mitgliedschaft auf einen Blick Die Fanszene des SC Preu\u00dfen M\u00fcnster ist bunt, kreativ und vielf\u00e4ltig. Das Fanprojekt versteht sich als Plattform f\u00fcr... Read more &raquo;","og_url":"https:\/\/www.fanprojekt-muenster.de\/wordpress\/uber-uns\/mitglieder\/","og_site_name":"Fangemeinschaft Preu\u00dfen M\u00fcnster e. V.","article_modified_time":"2025-02-05T13:30:32+00:00","twitter_card":"summary_large_image","twitter_misc":{"Gesch\u00e4tzte Lesezeit":"2\u00a0Minuten"},"schema":{"@context":"https:\/\/schema.org","@graph":[{"@type":"WebPage","@id":"https:\/\/www.fanprojekt-muenster.de\/wordpress\/uber-uns\/mitglieder\/","url":"https:\/\/www.fanprojekt-muenster.de\/wordpress\/uber-uns\/mitglieder\/","name":"Mitglieder - Fangemeinschaft Preu\u00dfen M\u00fcnster e. V.","isPartOf":{"@id":"https:\/\/www.fanprojekt-muenster.de\/wordpress\/#website"},"datePublished":"2010-02-12T19:57:41+00:00","dateModified":"2025-02-05T13:30:32+00:00","breadcrumb":{"@id":"https:\/\/www.fanprojekt-muenster.de\/wordpress\/uber-uns\/mitglieder\/#breadcrumb"},"inLanguage":"de","potentialAction":[{"@type":"ReadAction","target":["https:\/\/www.fanprojekt-muenster.de\/wordpress\/uber-uns\/mitglieder\/"]}]},{"@type":"BreadcrumbList","@id":"https:\/\/www.fanprojekt-muenster.de\/wordpress\/uber-uns\/mitglieder\/#breadcrumb","itemListElement":[{"@type":"ListItem","position":1,"name":"Startseite","item":"https:\/\/www.fanprojekt-muenster.de\/wordpress\/"},{"@type":"ListItem","position":2,"name":"\u00dcber uns","item":"https:\/\/www.fanprojekt-muenster.de\/wordpress\/uber-uns\/"},{"@type":"ListItem","position":3,"name":"Mitglieder"}]},{"@type":"WebSite","@id":"https:\/\/www.fanprojekt-muenster.de\/wordpress\/#website","url":"https:\/\/www.fanprojekt-muenster.de\/wordpress\/","name":"Fangemeinschaft Preu\u00dfen M\u00fcnster e. V.","description":"","publisher":{"@id":"https:\/\/www.fanprojekt-muenster.de\/wordpress\/#organization"},"potentialAction":[{"@type":"SearchAction","target":{"@type":"EntryPoint","urlTemplate":"https:\/\/www.fanprojekt-muenster.de\/wordpress\/?s={search_term_string}"},"query-input":{"@type":"PropertyValueSpecification","valueRequired":true,"valueName":"search_term_string"}}],"inLanguage":"de"},{"@type":"Organization","@id":"https:\/\/www.fanprojekt-muenster.de\/wordpress\/#organization","name":"Fangemeinschaft Preu\u00dfen M\u00fcnster e. V.","url":"https:\/\/www.fanprojekt-muenster.de\/wordpress\/","logo":{"@type":"ImageObject","inLanguage":"de","@id":"https:\/\/www.fanprojekt-muenster.de\/wordpress\/#\/schema\/logo\/image\/","url":"https:\/\/www.fanprojekt-muenster.de\/wordpress\/wp-content\/uploads\/2019\/07\/cropped-Website_Logo3-9.png","contentUrl":"https:\/\/www.fanprojekt-muenster.de\/wordpress\/wp-content\/uploads\/2019\/07\/cropped-Website_Logo3-9.png","width":224,"height":42,"caption":"Fangemeinschaft Preu\u00dfen M\u00fcnster e. V."},"image":{"@id":"https:\/\/www.fanprojekt-muenster.de\/wordpress\/#\/schema\/logo\/image\/"}}]}},"coauthors":[],"author_meta":{"author_link":"https:\/\/www.fanprojekt-muenster.de\/wordpress\/author\/fp_superadmin\/","display_name":"fp_superadmin"},"relative_dates":{"created":"Posted 16\u00a0Jahren ago","modified":"Updated 1\u00a0Jahr ago"},"absolute_dates":{"created":"Posted on 12. Februar 2010","modified":"Updated on 5. Februar 2025"},"absolute_dates_time":{"created":"Posted on 12. Februar 2010 21:57","modified":"Updated on 5. Februar 2025 14:30"},"featured_img_caption":"","featured_img":false,"series_order":"","_links":{"self":[{"href":"https:\/\/www.fanprojekt-muenster.de\/wordpress\/wp-json\/wp\/v2\/pages\/311","targetHints":{"allow":["GET"]}}],"collection":[{"href":"https:\/\/www.fanprojekt-muenster.de\/wordpress\/wp-json\/wp\/v2\/pages"}],"about":[{"href":"https:\/\/www.fanprojekt-muenster.de\/wordpress\/wp-json\/wp\/v2\/types\/page"}],"author":[{"embeddable":true,"href":"https:\/\/www.fanprojekt-muenster.de\/wordpress\/wp-json\/wp\/v2\/users\/2"}],"replies":[{"embeddable":true,"href":"https:\/\/www.fanprojekt-muenster.de\/wordpress\/wp-json\/wp\/v2\/comments?post=311"}],"version-history":[{"count":7,"href":"https:\/\/www.fanprojekt-muenster.de\/wordpress\/wp-json\/wp\/v2\/pages\/311\/revisions"}],"predecessor-version":[{"id":9669,"href":"https:\/\/www.fanprojekt-muenster.de\/wordpress\/wp-json\/wp\/v2\/pages\/311\/revisions\/9669"}],"up":[{"embeddable":true,"href":"https:\/\/www.fanprojekt-muenster.de\/wordpress\/wp-json\/wp\/v2\/pages\/331"}],"wp:attachment":[{"href":"https:\/\/www.fanprojekt-muenster.de\/wordpress\/wp-json\/wp\/v2\/media?parent=311"}],"curies":[{"name":"wp","href":"https:\/\/api.w.org\/{rel}","templated":true}]}}